{"id":3930,"date":"2023-05-26T11:36:11","date_gmt":"2023-05-26T09:36:11","guid":{"rendered":"https:\/\/izo.si\/?page_id=3930"},"modified":"2023-06-16T11:15:57","modified_gmt":"2023-06-16T09:15:57","slug":"pitniki","status":"publish","type":"page","link":"https:\/\/izo.si\/en\/pitniki\/","title":{"rendered":"Water fountains"},"content":{"rendered":"<div data-elementor-type=\"wp-page\" data-elementor-id=\"3930\" class=\"elementor elementor-3930\">\n\t\t\t\t\t\t<section class=\"elementor-section elementor-top-section elementor-element elementor-element-73444afb elementor-section-boxed elementor-section-height-default elementor-section-height-default\" data-id=\"73444afb\" data-element_type=\"section\">\n\t\t\t\t\t\t<div class=\"elementor-container elementor-column-gap-default\">\n\t\t\t\t\t<div class=\"elementor-column elementor-col-100 elementor-top-column elementor-element elementor-element-4b9b8671\" data-id=\"4b9b8671\" data-element_type=\"column\">\n\t\t\t<div class=\"elementor-widget-wrap elementor-element-populated\">\n\t\t\t\t\t\t<div class=\"elementor-element elementor-element-33859503 elementor-headline--style-highlight elementor-widget elementor-widget-animated-headline\" data-id=\"33859503\" data-element_type=\"widget\" data-settings=\"{&quot;marker&quot;:&quot;double_underline&quot;,&quot;highlighted_text&quot;:&quot;pitniki&quot;,&quot;highlight_animation_duration&quot;:1400,&quot;headline_style&quot;:&quot;highlight&quot;}\" data-widget_type=\"animated-headline.default\">\n\t\t\t\t<div class=\"elementor-widget-container\">\n\t\t\t\t\t\t\t<h3 class=\"elementor-headline\">\n\t\t\t\t\t<span class=\"elementor-headline-plain-text elementor-headline-text-wrapper\">Ljubljana Glacier: <\/span>\n\t\t\t\t<span class=\"elementor-headline-dynamic-wrapper elementor-headline-text-wrapper\">\n\t\t\t\t\t<span class=\"elementor-headline-dynamic-text elementor-headline-text-active\">water fountains<\/span>\n\t\t\t\t<\/span>\n\t\t\t\t<\/h3>\n\t\t\t\t\t\t<\/div>\n\t\t\t\t<\/div>\n\t\t\t\t\t<\/div>\n\t\t<\/div>\n\t\t\t\t\t<\/div>\n\t\t<\/section>\n\t\t\t\t<section class=\"elementor-section elementor-top-section elementor-element elementor-element-c7a9b7 elementor-section-boxed elementor-section-height-default elementor-section-height-default\" data-id=\"c7a9b7\" data-element_type=\"section\">\n\t\t\t\t\t\t<div class=\"elementor-container elementor-column-gap-default\">\n\t\t\t\t\t<div class=\"elementor-column elementor-col-100 elementor-top-column elementor-element elementor-element-30867364\" data-id=\"30867364\" data-element_type=\"column\">\n\t\t\t<div class=\"elementor-widget-wrap elementor-element-populated\">\n\t\t\t\t\t\t<section class=\"elementor-section elementor-inner-section elementor-element elementor-element-24cc3393 elementor-section-boxed elementor-section-height-default elementor-section-height-default\" data-id=\"24cc3393\" data-element_type=\"section\">\n\t\t\t\t\t\t<div class=\"elementor-container elementor-column-gap-default\">\n\t\t\t\t\t<div class=\"elementor-column elementor-col-50 elementor-inner-column elementor-element elementor-element-c4f1559\" data-id=\"c4f1559\" data-element_type=\"column\">\n\t\t\t<div class=\"elementor-widget-wrap elementor-element-populated\">\n\t\t\t\t\t\t<div class=\"elementor-element elementor-element-4d9605a4 elementor-widget elementor-widget-text-editor\" data-id=\"4d9605a4\" data-element_type=\"widget\" data-widget_type=\"text-editor.default\">\n\t\t\t\t<div class=\"elementor-widget-container\">\n\t\t\t\t\t\t\t\t\t<p><span style=\"font-weight: 400;\">Sweating helps cool down our bodies, but it also leads to fluid loss. If we lose more water through sweating than we drink, dehydration can occur. In hot weather, especially during physical activity, we can lose several litres of fluid per hour (1) (2).<\/span><\/p><p><span style=\"font-weight: 400;\">At the start of summer, our bodies are not yet accustomed to the heat, so our sweat contains a significant amount of salt compared to later in the season. This puts us at risk of hypotonic dehydration, where we lose water and electrolytes but only replace them with water. Sodium plays a vital role in retaining water, so it's important, especially in the early stages of heat waves, to not only stay hydrated but also replenish salt. A simple way to do this is by having a salty snack during or after physical activity (3).<\/span><\/p><p><b>Dehydration can be dangerous. <\/b><span style=\"font-weight: 400;\">It impairs sweating and reduces blood flow to the skin, making it harder for the body to cool down and increasing the risk of heatstroke. Dehydration can also lead to kidney damage, cramps, cardiovascular issues, and altered consciousness. Studies have shown that repeated mild dehydration can cause permanent kidney damage (5).<\/span><\/p><p><span style=\"font-weight: 400;\">Not all fluids are equally effective in combating dehydration. Alcohol, coffee, and sugary drinks act as diuretics, increasing urine production and water loss (4). Fresh water is the best choice, and we can conveniently refill our bottles from drinking fountains throughout the city using the <\/span><b>Tap Water Ljubljana*<\/b><span style=\"font-weight: 400;\">app. This app helps us find the nearest drinking fountain, provides descriptions and photos, and shares other water-related points of interest nearby (6).<\/span><\/p><p><span style=\"font-weight: 400;\">By using drinking fountains and reusable bottles, we contribute to reducing waste and minimising our impact on the environment.<\/span><\/p><p><span style=\"font-weight: 400;\">*You can download the app from <\/span><a href=\"https:\/\/play.google.com\/store\/apps\/details?id=si.enki.tapwaterljubljana&amp;feature=search_result#?t=W251bGwsMSwyLDEsInNpLmVua2kudGFwd2F0ZXJsanVibGphbmEiXQ..\"><span style=\"font-weight: 400;\">Google Play<\/span><\/a><span style=\"font-weight: 400;\"> (Android) or <\/span><a href=\"https:\/\/itunes.apple.com\/us\/app\/tap-water-ljubljana\/id563888400\"><span style=\"font-weight: 400;\">App Store<\/span><\/a><span style=\"font-weight: 400;\"> (iOS).<\/span><\/p>\t\t\t\t\t\t\t\t<\/div>\n\t\t\t\t<\/div>\n\t\t\t\t\t<\/div>\n\t\t<\/div>\n\t\t\t\t<div class=\"elementor-column elementor-col-50 elementor-inner-column elementor-element elementor-element-2d45d94c\" data-id=\"2d45d94c\" data-element_type=\"column\">\n\t\t\t<div class=\"elementor-widget-wrap elementor-element-populated\">\n\t\t\t\t\t\t<div class=\"elementor-element elementor-element-1d9a83ea e-transform e-transform elementor-widget elementor-widget-image\" data-id=\"1d9a83ea\" data-element_type=\"widget\" data-settings=\"{&quot;_transform_scale_effect&quot;:{&quot;unit&quot;:&quot;px&quot;,&quot;size&quot;:1,&quot;sizes&quot;:[]},&quot;_transform_scale_effect_tablet&quot;:{&quot;unit&quot;:&quot;px&quot;,&quot;size&quot;:&quot;&quot;,&quot;sizes&quot;:[]},&quot;_transform_scale_effect_mobile&quot;:{&quot;unit&quot;:&quot;px&quot;,&quot;size&quot;:&quot;&quot;,&quot;sizes&quot;:[]},&quot;_transform_skewX_effect&quot;:{&quot;unit&quot;:&quot;px&quot;,&quot;size&quot;:&quot;&quot;,&quot;sizes&quot;:[]},&quot;_transform_skewX_effect_tablet&quot;:{&quot;unit&quot;:&quot;deg&quot;,&quot;size&quot;:&quot;&quot;,&quot;sizes&quot;:[]},&quot;_transform_skewX_effect_mobile&quot;:{&quot;unit&quot;:&quot;deg&quot;,&quot;size&quot;:&quot;&quot;,&quot;sizes&quot;:[]},&quot;_transform_skewY_effect&quot;:{&quot;unit&quot;:&quot;px&quot;,&quot;size&quot;:&quot;&quot;,&quot;sizes&quot;:[]},&quot;_transform_skewY_effect_tablet&quot;:{&quot;unit&quot;:&quot;deg&quot;,&quot;size&quot;:&quot;&quot;,&quot;sizes&quot;:[]},&quot;_transform_skewY_effect_mobile&quot;:{&quot;unit&quot;:&quot;deg&quot;,&quot;size&quot;:&quot;&quot;,&quot;sizes&quot;:[]}}\" data-widget_type=\"image.default\">\n\t\t\t\t<div class=\"elementor-widget-container\">\n\t\t\t\t\t\t\t\t\t\t\t\t\t\t\t<img fetchpriority=\"high\" decoding=\"async\" width=\"848\" height=\"1200\" src=\"https:\/\/izo.si\/wp-content\/uploads\/2023\/06\/tobogan.gif\" class=\"attachment-full size-full wp-image-4133\" alt=\"\" \/>\t\t\t\t\t\t\t\t\t\t\t\t\t\t\t<\/div>\n\t\t\t\t<\/div>\n\t\t\t\t\t<\/div>\n\t\t<\/div>\n\t\t\t\t\t<\/div>\n\t\t<\/section>\n\t\t\t\t\t<\/div>\n\t\t<\/div>\n\t\t\t\t\t<\/div>\n\t\t<\/section>\n\t\t\t\t<section class=\"elementor-section elementor-top-section elementor-element elementor-element-1a7d84a3 elementor-section-boxed elementor-section-height-default elementor-section-height-default\" data-id=\"1a7d84a3\" data-element_type=\"section\">\n\t\t\t\t\t\t<div class=\"elementor-container elementor-column-gap-default\">\n\t\t\t\t\t<div class=\"elementor-column elementor-col-100 elementor-top-column elementor-element elementor-element-4130231b\" data-id=\"4130231b\" data-element_type=\"column\">\n\t\t\t<div class=\"elementor-widget-wrap elementor-element-populated\">\n\t\t\t\t\t\t<div class=\"elementor-element elementor-element-5281a74 elementor-widget elementor-widget-google_maps\" data-id=\"5281a74\" data-element_type=\"widget\" data-widget_type=\"google_maps.default\">\n\t\t\t\t<div class=\"elementor-widget-container\">\n\t\t\t\t\t\t\t<div class=\"elementor-custom-embed\">\n\t\t\t<iframe loading=\"lazy\"\n\t\t\t\t\tsrc=\"https:\/\/maps.google.com\/maps?q=46.048618%2C%2014.512526&#038;t=m&#038;z=16&#038;output=embed&#038;iwloc=near\"\n\t\t\t\t\ttitle=\"46.048618, 14.512526\"\n\t\t\t\t\taria-label=\"46.048618, 14.512526\"\n\t\t\t><\/iframe>\n\t\t<\/div>\n\t\t\t\t\t\t<\/div>\n\t\t\t\t<\/div>\n\t\t\t\t\t<\/div>\n\t\t<\/div>\n\t\t\t\t\t<\/div>\n\t\t<\/section>\n\t\t\t\t<section class=\"elementor-section elementor-top-section elementor-element elementor-element-185618e6 elementor-section-boxed elementor-section-height-default elementor-section-height-default\" data-id=\"185618e6\" data-element_type=\"section\">\n\t\t\t\t\t\t<div class=\"elementor-container elementor-column-gap-default\">\n\t\t\t\t\t<div class=\"elementor-column elementor-col-100 elementor-top-column elementor-element elementor-element-156c4315\" data-id=\"156c4315\" data-element_type=\"column\">\n\t\t\t<div class=\"elementor-widget-wrap elementor-element-populated\">\n\t\t\t\t\t\t<div class=\"elementor-element elementor-element-15f76d3e elementor-widget elementor-widget-text-editor\" data-id=\"15f76d3e\" data-element_type=\"widget\" data-widget_type=\"text-editor.default\">\n\t\t\t\t<div class=\"elementor-widget-container\">\n\t\t\t\t\t\t\t\t\t<p>(1) NHS inform. Dehydration. URL: https:\/\/www.nhsinform.scot\/illnesses-and-conditions\/nutritional\/dehydration#about-dehydration<br \/>(2) Institute of Medicine (US) Committee on Military Nutrition Research; Marriott BM, editor. Nutritional Needs in Hot Environments: Applications for Military Personnel in Field Operations. Washington (DC): National Academies Press (US); 1993. 5, Water Requirements During Exercise in the Heat. URL: https:\/\/www.ncbi.nlm.nih.gov\/books\/NBK236237\/ <br \/>(3) Patolo\u0161ka fiziologija; u\u010dbenik za \u0161tudente farmacije: druga, popravljena izdaja (2019), Ljubljana, Medicinska fakulteta, In\u0161titut za patolo\u0161ko fiziologijo<br \/>(4) Cleveland Clinic. The risk of mixing alcohol and summer heat. URL: https:\/\/health.clevelandclinic.org\/dangers-of-too-much-alcohol-summer-heat\/<br \/>(5) Roncal-Jimenez., Lanaspa M.A., Jensen T., Sanchez-Lozada L.G., Johnson R.J. Mechanisms by Which Dehydration May Lead to Chronic Kidney Disease. Ann Nutr Metab 2015; 66 (suppl 3): 10\u201313. URL: https:\/\/www.karger.com\/Article\/FullText\/381239 <br \/>(6) https:\/\/www.ljubljana.si\/sl\/moja-ljubljana\/ljubljana-zate\/pregled-vseh-projektov\/pitniki-v-ljubljani-3\/<\/p>\t\t\t\t\t\t\t\t<\/div>\n\t\t\t\t<\/div>\n\t\t\t\t\t<\/div>\n\t\t<\/div>\n\t\t\t\t\t<\/div>\n\t\t<\/section>\n\t\t\t\t<section class=\"elementor-section elementor-top-section elementor-element elementor-element-35145f03 elementor-section-boxed elementor-section-height-default elementor-section-height-default\" data-id=\"35145f03\" data-element_type=\"section\">\n\t\t\t\t\t\t<div class=\"elementor-container elementor-column-gap-default\">\n\t\t\t\t\t<div class=\"elementor-column elementor-col-50 elementor-top-column elementor-element elementor-element-68fc5618\" data-id=\"68fc5618\" data-element_type=\"column\">\n\t\t\t<div class=\"elementor-widget-wrap elementor-element-populated\">\n\t\t\t\t\t\t<div class=\"elementor-element elementor-element-40375c37 elementor-widget elementor-widget-image\" data-id=\"40375c37\" data-element_type=\"widget\" data-widget_type=\"image.default\">\n\t\t\t\t<div class=\"elementor-widget-container\">\n\t\t\t\t\t\t\t\t\t\t\t\t\t\t\t<img decoding=\"async\" width=\"300\" height=\"159\" src=\"https:\/\/izo.si\/wp-content\/uploads\/2022\/09\/IZO_logo.svg\" class=\"attachment-medium size-medium wp-image-3273\" alt=\"\" \/>\t\t\t\t\t\t\t\t\t\t\t\t\t\t\t<\/div>\n\t\t\t\t<\/div>\n\t\t\t\t\t<\/div>\n\t\t<\/div>\n\t\t\t\t<div class=\"elementor-column elementor-col-50 elementor-top-column elementor-element elementor-element-18ba21f4\" data-id=\"18ba21f4\" data-element_type=\"column\">\n\t\t\t<div class=\"elementor-widget-wrap elementor-element-populated\">\n\t\t\t\t\t\t<div class=\"elementor-element elementor-element-168f9a61 elementor-widget elementor-widget-image\" data-id=\"168f9a61\" data-element_type=\"widget\" data-widget_type=\"image.default\">\n\t\t\t\t<div class=\"elementor-widget-container\">\n\t\t\t\t\t\t\t\t\t\t\t\t\t\t\t<img decoding=\"async\" width=\"300\" height=\"139\" src=\"https:\/\/izo.si\/wp-content\/uploads\/2023\/04\/Screen-Shot-2023-04-18-at-10.21.11-300x139.png\" class=\"attachment-medium size-medium wp-image-3531\" alt=\"\" srcset=\"https:\/\/izo.si\/wp-content\/uploads\/2023\/04\/Screen-Shot-2023-04-18-at-10.21.11-300x139.png 300w, https:\/\/izo.si\/wp-content\/uploads\/2023\/04\/Screen-Shot-2023-04-18-at-10.21.11-768x355.png 768w, https:\/\/izo.si\/wp-content\/uploads\/2023\/04\/Screen-Shot-2023-04-18-at-10.21.11.png 772w\" sizes=\"(max-width: 300px) 100vw, 300px\" \/>\t\t\t\t\t\t\t\t\t\t\t\t\t\t\t<\/div>\n\t\t\t\t<\/div>\n\t\t\t\t\t<\/div>\n\t\t<\/div>\n\t\t\t\t\t<\/div>\n\t\t<\/section>\n\t\t\t\t<\/div>","protected":false},"excerpt":{"rendered":"<p>Ljubljanski ledenik: pitniki Znojenje je eden glavnih mehanizmov ohlajanja telesa, a skupaj z odve\u010dno toploto v tem procesu izgubljamo tudi teko\u010dino. Do dehidracije lahko pride, \u010de z znojenjem izgubljamo ve\u010d vode, kot je nadomestimo s pija\u010do. V \u010dasu vro\u010dine, \u0161e posebej ob dodatni telesni aktivnosti, lahko izgubimo tudi nekaj litrov teko\u010dine na uro (1) (2). [&hellip;]<\/p>","protected":false},"author":9,"featured_media":0,"parent":0,"menu_order":0,"comment_status":"closed","ping_status":"closed","template":"","meta":{"_monsterinsights_skip_tracking":false,"_monsterinsights_sitenote_active":false,"_monsterinsights_sitenote_note":"","_monsterinsights_sitenote_category":0,"_uf_show_specific_survey":0,"_uf_disable_surveys":false,"footnotes":""},"class_list":["post-3930","page","type-page","status-publish","hentry"],"aioseo_notices":[],"yoast_head":"<!-- This site is optimized with the Yoast SEO plugin v24.5 - https:\/\/yoast.com\/wordpress\/plugins\/seo\/ -->\n<title>Pitniki - IZO<\/title>\n<meta name=\"robots\" content=\"index, follow, max-snippet:-1, max-image-preview:large, max-video-preview:-1\" \/>\n<link rel=\"canonical\" href=\"https:\/\/izo.si\/en\/pitniki\/\" \/>\n<meta property=\"og:locale\" content=\"en_GB\" \/>\n<meta property=\"og:type\" content=\"article\" \/>\n<meta property=\"og:title\" content=\"Pitniki - IZO\" \/>\n<meta property=\"og:description\" content=\"Ljubljanski ledenik: pitniki Znojenje je eden glavnih mehanizmov ohlajanja telesa, a skupaj z odve\u010dno toploto v tem procesu izgubljamo tudi teko\u010dino. Do dehidracije lahko pride, \u010de z znojenjem izgubljamo ve\u010d vode, kot je nadomestimo s pija\u010do. V \u010dasu vro\u010dine, \u0161e posebej ob dodatni telesni aktivnosti, lahko izgubimo tudi nekaj litrov teko\u010dine na uro (1) (2). [&hellip;]\" \/>\n<meta property=\"og:url\" content=\"https:\/\/izo.si\/en\/pitniki\/\" \/>\n<meta property=\"og:site_name\" content=\"IZO\" \/>\n<meta property=\"article:modified_time\" content=\"2023-06-16T09:15:57+00:00\" \/>\n<meta property=\"og:image\" content=\"https:\/\/izo.si\/wp-content\/uploads\/2023\/06\/tobogan.gif\" \/>\n<meta name=\"twitter:card\" content=\"summary_large_image\" \/>\n<meta name=\"twitter:label1\" content=\"Estimated reading time\" \/>\n\t<meta name=\"twitter:data1\" content=\"3 minutes\" \/>\n<script type=\"application\/ld+json\" class=\"yoast-schema-graph\">{\"@context\":\"https:\/\/schema.org\",\"@graph\":[{\"@type\":\"WebPage\",\"@id\":\"https:\/\/izo.si\/pitniki\/\",\"url\":\"https:\/\/izo.si\/pitniki\/\",\"name\":\"Pitniki - IZO\",\"isPartOf\":{\"@id\":\"https:\/\/izo.si\/#website\"},\"primaryImageOfPage\":{\"@id\":\"https:\/\/izo.si\/pitniki\/#primaryimage\"},\"image\":{\"@id\":\"https:\/\/izo.si\/pitniki\/#primaryimage\"},\"thumbnailUrl\":\"https:\/\/izo.si\/wp-content\/uploads\/2023\/06\/tobogan.gif\",\"datePublished\":\"2023-05-26T09:36:11+00:00\",\"dateModified\":\"2023-06-16T09:15:57+00:00\",\"breadcrumb\":{\"@id\":\"https:\/\/izo.si\/pitniki\/#breadcrumb\"},\"inLanguage\":\"en-GB\",\"potentialAction\":[{\"@type\":\"ReadAction\",\"target\":[\"https:\/\/izo.si\/pitniki\/\"]}]},{\"@type\":\"ImageObject\",\"inLanguage\":\"en-GB\",\"@id\":\"https:\/\/izo.si\/pitniki\/#primaryimage\",\"url\":\"https:\/\/izo.si\/wp-content\/uploads\/2023\/06\/tobogan.gif\",\"contentUrl\":\"https:\/\/izo.si\/wp-content\/uploads\/2023\/06\/tobogan.gif\"},{\"@type\":\"BreadcrumbList\",\"@id\":\"https:\/\/izo.si\/pitniki\/#breadcrumb\",\"itemListElement\":[{\"@type\":\"ListItem\",\"position\":1,\"name\":\"Home\",\"item\":\"https:\/\/izo.si\/\"},{\"@type\":\"ListItem\",\"position\":2,\"name\":\"Pitniki\"}]},{\"@type\":\"WebSite\",\"@id\":\"https:\/\/izo.si\/#website\",\"url\":\"https:\/\/izo.si\/\",\"name\":\"IZO\",\"description\":\"In\u0161titut za zdravje in okolje\",\"publisher\":{\"@id\":\"https:\/\/izo.si\/#organization\"},\"potentialAction\":[{\"@type\":\"SearchAction\",\"target\":{\"@type\":\"EntryPoint\",\"urlTemplate\":\"https:\/\/izo.si\/?s={search_term_string}\"},\"query-input\":{\"@type\":\"PropertyValueSpecification\",\"valueRequired\":true,\"valueName\":\"search_term_string\"}}],\"inLanguage\":\"en-GB\"},{\"@type\":\"Organization\",\"@id\":\"https:\/\/izo.si\/#organization\",\"name\":\"IZO\",\"url\":\"https:\/\/izo.si\/\",\"logo\":{\"@type\":\"ImageObject\",\"inLanguage\":\"en-GB\",\"@id\":\"https:\/\/izo.si\/#\/schema\/logo\/image\/\",\"url\":\"https:\/\/izo.si\/wp-content\/uploads\/2021\/01\/izo-logo@2x.png\",\"contentUrl\":\"https:\/\/izo.si\/wp-content\/uploads\/2021\/01\/izo-logo@2x.png\",\"width\":262,\"height\":139,\"caption\":\"IZO\"},\"image\":{\"@id\":\"https:\/\/izo.si\/#\/schema\/logo\/image\/\"}}]}<\/script>\n<!-- \/ Yoast SEO plugin. -->","yoast_head_json":{"title":"Pitniki - IZO","robots":{"index":"index","follow":"follow","max-snippet":"max-snippet:-1","max-image-preview":"max-image-preview:large","max-video-preview":"max-video-preview:-1"},"canonical":"https:\/\/izo.si\/en\/pitniki\/","og_locale":"en_GB","og_type":"article","og_title":"Pitniki - IZO","og_description":"Ljubljanski ledenik: pitniki Znojenje je eden glavnih mehanizmov ohlajanja telesa, a skupaj z odve\u010dno toploto v tem procesu izgubljamo tudi teko\u010dino. Do dehidracije lahko pride, \u010de z znojenjem izgubljamo ve\u010d vode, kot je nadomestimo s pija\u010do. V \u010dasu vro\u010dine, \u0161e posebej ob dodatni telesni aktivnosti, lahko izgubimo tudi nekaj litrov teko\u010dine na uro (1) (2). [&hellip;]","og_url":"https:\/\/izo.si\/en\/pitniki\/","og_site_name":"IZO","article_modified_time":"2023-06-16T09:15:57+00:00","og_image":[{"url":"https:\/\/izo.si\/wp-content\/uploads\/2023\/06\/tobogan.gif","type":"","width":"","height":""}],"twitter_card":"summary_large_image","twitter_misc":{"Estimated reading time":"3 minutes"},"schema":{"@context":"https:\/\/schema.org","@graph":[{"@type":"WebPage","@id":"https:\/\/izo.si\/pitniki\/","url":"https:\/\/izo.si\/pitniki\/","name":"Pitniki - IZO","isPartOf":{"@id":"https:\/\/izo.si\/#website"},"primaryImageOfPage":{"@id":"https:\/\/izo.si\/pitniki\/#primaryimage"},"image":{"@id":"https:\/\/izo.si\/pitniki\/#primaryimage"},"thumbnailUrl":"https:\/\/izo.si\/wp-content\/uploads\/2023\/06\/tobogan.gif","datePublished":"2023-05-26T09:36:11+00:00","dateModified":"2023-06-16T09:15:57+00:00","breadcrumb":{"@id":"https:\/\/izo.si\/pitniki\/#breadcrumb"},"inLanguage":"en-GB","potentialAction":[{"@type":"ReadAction","target":["https:\/\/izo.si\/pitniki\/"]}]},{"@type":"ImageObject","inLanguage":"en-GB","@id":"https:\/\/izo.si\/pitniki\/#primaryimage","url":"https:\/\/izo.si\/wp-content\/uploads\/2023\/06\/tobogan.gif","contentUrl":"https:\/\/izo.si\/wp-content\/uploads\/2023\/06\/tobogan.gif"},{"@type":"BreadcrumbList","@id":"https:\/\/izo.si\/pitniki\/#breadcrumb","itemListElement":[{"@type":"ListItem","position":1,"name":"Home","item":"https:\/\/izo.si\/"},{"@type":"ListItem","position":2,"name":"Pitniki"}]},{"@type":"WebSite","@id":"https:\/\/izo.si\/#website","url":"https:\/\/izo.si\/","name":"IZO","description":"Institute for Health and Environment","publisher":{"@id":"https:\/\/izo.si\/#organization"},"potentialAction":[{"@type":"SearchAction","target":{"@type":"EntryPoint","urlTemplate":"https:\/\/izo.si\/?s={search_term_string}"},"query-input":{"@type":"PropertyValueSpecification","valueRequired":true,"valueName":"search_term_string"}}],"inLanguage":"en-GB"},{"@type":"Organization","@id":"https:\/\/izo.si\/#organization","name":"IZO","url":"https:\/\/izo.si\/","logo":{"@type":"ImageObject","inLanguage":"en-GB","@id":"https:\/\/izo.si\/#\/schema\/logo\/image\/","url":"https:\/\/izo.si\/wp-content\/uploads\/2021\/01\/izo-logo@2x.png","contentUrl":"https:\/\/izo.si\/wp-content\/uploads\/2021\/01\/izo-logo@2x.png","width":262,"height":139,"caption":"IZO"},"image":{"@id":"https:\/\/izo.si\/#\/schema\/logo\/image\/"}}]}},"_links":{"self":[{"href":"https:\/\/izo.si\/en\/wp-json\/wp\/v2\/pages\/3930","targetHints":{"allow":["GET"]}}],"collection":[{"href":"https:\/\/izo.si\/en\/wp-json\/wp\/v2\/pages"}],"about":[{"href":"https:\/\/izo.si\/en\/wp-json\/wp\/v2\/types\/page"}],"author":[{"embeddable":true,"href":"https:\/\/izo.si\/en\/wp-json\/wp\/v2\/users\/9"}],"replies":[{"embeddable":true,"href":"https:\/\/izo.si\/en\/wp-json\/wp\/v2\/comments?post=3930"}],"version-history":[{"count":24,"href":"https:\/\/izo.si\/en\/wp-json\/wp\/v2\/pages\/3930\/revisions"}],"predecessor-version":[{"id":4189,"href":"https:\/\/izo.si\/en\/wp-json\/wp\/v2\/pages\/3930\/revisions\/4189"}],"wp:attachment":[{"href":"https:\/\/izo.si\/en\/wp-json\/wp\/v2\/media?parent=3930"}],"curies":[{"name":"wp","href":"https:\/\/api.w.org\/{rel}","templated":true}]}}