{"id":3900,"date":"2023-05-26T11:06:31","date_gmt":"2023-05-26T09:06:31","guid":{"rendered":"https:\/\/izo.si\/?page_id=3900"},"modified":"2023-06-16T11:37:48","modified_gmt":"2023-06-16T09:37:48","slug":"podhodi-in-obmocja-pod-mostovi","status":"publish","type":"page","link":"https:\/\/izo.si\/en\/podhodi-in-obmocja-pod-mostovi\/","title":{"rendered":"Underpasses, areas under bridges"},"content":{"rendered":"<div data-elementor-type=\"wp-page\" data-elementor-id=\"3900\" class=\"elementor elementor-3900\">\n\t\t\t\t\t\t<section class=\"elementor-section elementor-top-section elementor-element elementor-element-70e4c74f elementor-section-boxed elementor-section-height-default elementor-section-height-default\" data-id=\"70e4c74f\" data-element_type=\"section\">\n\t\t\t\t\t\t<div class=\"elementor-container elementor-column-gap-default\">\n\t\t\t\t\t<div class=\"elementor-column elementor-col-100 elementor-top-column elementor-element elementor-element-34523f7c\" data-id=\"34523f7c\" data-element_type=\"column\">\n\t\t\t<div class=\"elementor-widget-wrap elementor-element-populated\">\n\t\t\t\t\t\t<div class=\"elementor-element elementor-element-875c992 elementor-headline--style-highlight elementor-widget elementor-widget-animated-headline\" data-id=\"875c992\" data-element_type=\"widget\" data-settings=\"{&quot;marker&quot;:&quot;double_underline&quot;,&quot;highlighted_text&quot;:&quot;podhodi, obmo\\u010dja pod mostovi&quot;,&quot;highlight_animation_duration&quot;:1400,&quot;headline_style&quot;:&quot;highlight&quot;}\" data-widget_type=\"animated-headline.default\">\n\t\t\t\t<div class=\"elementor-widget-container\">\n\t\t\t\t\t\t\t<h3 class=\"elementor-headline\">\n\t\t\t\t\t<span class=\"elementor-headline-plain-text elementor-headline-text-wrapper\">Ljubljana Glacier: <\/span>\n\t\t\t\t<span class=\"elementor-headline-dynamic-wrapper elementor-headline-text-wrapper\">\n\t\t\t\t\t<span class=\"elementor-headline-dynamic-text elementor-headline-text-active\">underpasses, areas under bridges<\/span>\n\t\t\t\t<\/span>\n\t\t\t\t<\/h3>\n\t\t\t\t\t\t<\/div>\n\t\t\t\t<\/div>\n\t\t\t\t\t<\/div>\n\t\t<\/div>\n\t\t\t\t\t<\/div>\n\t\t<\/section>\n\t\t\t\t<section class=\"elementor-section elementor-top-section elementor-element elementor-element-28ccdfad elementor-section-boxed elementor-section-height-default elementor-section-height-default\" data-id=\"28ccdfad\" data-element_type=\"section\">\n\t\t\t\t\t\t<div class=\"elementor-container elementor-column-gap-default\">\n\t\t\t\t\t<div class=\"elementor-column elementor-col-100 elementor-top-column elementor-element elementor-element-72073b28\" data-id=\"72073b28\" data-element_type=\"column\">\n\t\t\t<div class=\"elementor-widget-wrap elementor-element-populated\">\n\t\t\t\t\t\t<section class=\"elementor-section elementor-inner-section elementor-element elementor-element-607c0e5f elementor-section-boxed elementor-section-height-default elementor-section-height-default\" data-id=\"607c0e5f\" data-element_type=\"section\">\n\t\t\t\t\t\t<div class=\"elementor-container elementor-column-gap-default\">\n\t\t\t\t\t<div class=\"elementor-column elementor-col-50 elementor-inner-column elementor-element elementor-element-59112984\" data-id=\"59112984\" data-element_type=\"column\">\n\t\t\t<div class=\"elementor-widget-wrap elementor-element-populated\">\n\t\t\t\t\t\t<div class=\"elementor-element elementor-element-718a348 elementor-widget elementor-widget-text-editor\" data-id=\"718a348\" data-element_type=\"widget\" data-widget_type=\"text-editor.default\">\n\t\t\t\t<div class=\"elementor-widget-container\">\n\t\t\t\t\t\t\t\t\t<p><span style=\"font-weight: 400;\">Areas under bridges and underpasses have great potential in coping with heat waves.\u00a0<\/span><\/p><p><span style=\"font-weight: 400;\">These spaces offer a valuable refuge during hot weather as they are designed to provide shade and minimise the impact of sunlight on the ground. Additionally, the cool air near the ground tends to linger in these areas, contributing to lower temperatures.<\/span><\/p><p><span style=\"font-weight: 400;\">Globally, spaces under bridges showcase innovative designs and solutions. Some cities have recognised these areas as potential heat shelters. In New York, for instance, under-bridge spaces are part of the \"Beat the Heat\" programme, encouraging people to seek shelter there during hot weather (2).\u00a0<\/span><\/p><p><span style=\"font-weight: 400;\">A good example of this practice is the skate park beneath the Fabiani Bridge near Cukrarna. The Municipality of Ljubljana has created this project to enable outdoor recreation even during heat waves (3). Skating in the shade of the bridge is more bearable and less harmful to health compared to engaging in such activities in areas directly exposed to scorching sunlight.<\/span><\/p><p><i><span style=\"font-weight: 400;\">The Ljubljanski ledenik (Ljubljana Glacier) project is an initiative dedicated to raising awareness about the significance, impact, and protection against heat waves. Discover more valuable content on posters strategically placed throughout the city centre and by visiting the following <\/span><\/i><strong><a href=\"https:\/\/izo.si\/en\/ll-ljubljanski-ledenik\/\"><i>link<\/i><\/a><\/strong><i><span style=\"font-weight: 400;\">. The project is co-funded by the Municipality of Ljubljana.<\/span><\/i><\/p>\t\t\t\t\t\t\t\t<\/div>\n\t\t\t\t<\/div>\n\t\t\t\t\t<\/div>\n\t\t<\/div>\n\t\t\t\t<div class=\"elementor-column elementor-col-50 elementor-inner-column elementor-element elementor-element-3201fdd2\" data-id=\"3201fdd2\" data-element_type=\"column\">\n\t\t\t<div class=\"elementor-widget-wrap elementor-element-populated\">\n\t\t\t\t\t\t<div class=\"elementor-element elementor-element-54d9d40 e-transform e-transform elementor-widget elementor-widget-image\" data-id=\"54d9d40\" data-element_type=\"widget\" data-settings=\"{&quot;_transform_scale_effect&quot;:{&quot;unit&quot;:&quot;px&quot;,&quot;size&quot;:1,&quot;sizes&quot;:[]},&quot;_transform_scale_effect_tablet&quot;:{&quot;unit&quot;:&quot;px&quot;,&quot;size&quot;:&quot;&quot;,&quot;sizes&quot;:[]},&quot;_transform_scale_effect_mobile&quot;:{&quot;unit&quot;:&quot;px&quot;,&quot;size&quot;:&quot;&quot;,&quot;sizes&quot;:[]},&quot;_transform_skewX_effect&quot;:{&quot;unit&quot;:&quot;px&quot;,&quot;size&quot;:&quot;&quot;,&quot;sizes&quot;:[]},&quot;_transform_skewX_effect_tablet&quot;:{&quot;unit&quot;:&quot;deg&quot;,&quot;size&quot;:&quot;&quot;,&quot;sizes&quot;:[]},&quot;_transform_skewX_effect_mobile&quot;:{&quot;unit&quot;:&quot;deg&quot;,&quot;size&quot;:&quot;&quot;,&quot;sizes&quot;:[]},&quot;_transform_skewY_effect&quot;:{&quot;unit&quot;:&quot;px&quot;,&quot;size&quot;:&quot;&quot;,&quot;sizes&quot;:[]},&quot;_transform_skewY_effect_tablet&quot;:{&quot;unit&quot;:&quot;deg&quot;,&quot;size&quot;:&quot;&quot;,&quot;sizes&quot;:[]},&quot;_transform_skewY_effect_mobile&quot;:{&quot;unit&quot;:&quot;deg&quot;,&quot;size&quot;:&quot;&quot;,&quot;sizes&quot;:[]}}\" data-widget_type=\"image.default\">\n\t\t\t\t<div class=\"elementor-widget-container\">\n\t\t\t\t\t\t\t\t\t\t\t\t\t\t\t<img fetchpriority=\"high\" decoding=\"async\" width=\"848\" height=\"1200\" src=\"https:\/\/izo.si\/wp-content\/uploads\/2023\/05\/most.gif\" class=\"attachment-full size-full wp-image-3902\" alt=\"\" \/>\t\t\t\t\t\t\t\t\t\t\t\t\t\t\t<\/div>\n\t\t\t\t<\/div>\n\t\t\t\t\t<\/div>\n\t\t<\/div>\n\t\t\t\t\t<\/div>\n\t\t<\/section>\n\t\t\t\t\t<\/div>\n\t\t<\/div>\n\t\t\t\t\t<\/div>\n\t\t<\/section>\n\t\t\t\t<section class=\"elementor-section elementor-top-section elementor-element elementor-element-4ebbb73e elementor-section-boxed elementor-section-height-default elementor-section-height-default\" data-id=\"4ebbb73e\" data-element_type=\"section\">\n\t\t\t\t\t\t<div class=\"elementor-container elementor-column-gap-default\">\n\t\t\t\t\t<div class=\"elementor-column elementor-col-100 elementor-top-column elementor-element elementor-element-2571d1ee\" data-id=\"2571d1ee\" data-element_type=\"column\">\n\t\t\t<div class=\"elementor-widget-wrap elementor-element-populated\">\n\t\t\t\t\t\t<div class=\"elementor-element elementor-element-4d709984 elementor-widget elementor-widget-google_maps\" data-id=\"4d709984\" data-element_type=\"widget\" data-widget_type=\"google_maps.default\">\n\t\t\t\t<div class=\"elementor-widget-container\">\n\t\t\t\t\t\t\t<div class=\"elementor-custom-embed\">\n\t\t\t<iframe loading=\"lazy\"\n\t\t\t\t\tsrc=\"https:\/\/maps.google.com\/maps?q=46.049987%2C%2014.516187&#038;t=m&#038;z=16&#038;output=embed&#038;iwloc=near\"\n\t\t\t\t\ttitle=\"46.049987, 14.516187\"\n\t\t\t\t\taria-label=\"46.049987, 14.516187\"\n\t\t\t><\/iframe>\n\t\t<\/div>\n\t\t\t\t\t\t<\/div>\n\t\t\t\t<\/div>\n\t\t\t\t\t<\/div>\n\t\t<\/div>\n\t\t\t\t\t<\/div>\n\t\t<\/section>\n\t\t\t\t<section class=\"elementor-section elementor-top-section elementor-element elementor-element-21770593 elementor-section-boxed elementor-section-height-default elementor-section-height-default\" data-id=\"21770593\" data-element_type=\"section\">\n\t\t\t\t\t\t<div class=\"elementor-container elementor-column-gap-default\">\n\t\t\t\t\t<div class=\"elementor-column elementor-col-100 elementor-top-column elementor-element elementor-element-50437ef8\" data-id=\"50437ef8\" data-element_type=\"column\">\n\t\t\t<div class=\"elementor-widget-wrap elementor-element-populated\">\n\t\t\t\t\t\t<div class=\"elementor-element elementor-element-268c97a elementor-widget elementor-widget-text-editor\" data-id=\"268c97a\" data-element_type=\"widget\" data-widget_type=\"text-editor.default\">\n\t\t\t\t<div class=\"elementor-widget-container\">\n\t\t\t\t\t\t\t\t\t<p>(1) Cindik Akinci, Y., S. Demir, \u00d6. Demirel., 2016. Landscape Architecture and Creating Innovative Spaces under Highway Overpasses. Environmental Sustainability and Landscape Management., str. 1\u201310. (URL: https:\/\/www.researchgate.net\/publication\/311151366_Landscape_Architecture_and_Creating_Innovative_Spaces_under_Highway_Overpasses)<br \/>(2) New York City Emergency Managment. Beat the Heat. URL: https:\/\/www.nyc.gov\/assets\/em\/html\/beat-the-heat\/beattheheat.html (citirano 20. 4. 2023)<br \/>(3) https:\/\/www.ljubljana.si\/sl\/moja-ljubljana\/ljubljana-zate\/pregled-vseh-projektov\/skate-park-pod-fabianijevim-mostom\/<\/p>\t\t\t\t\t\t\t\t<\/div>\n\t\t\t\t<\/div>\n\t\t\t\t\t<\/div>\n\t\t<\/div>\n\t\t\t\t\t<\/div>\n\t\t<\/section>\n\t\t\t\t<section class=\"elementor-section elementor-top-section elementor-element elementor-element-355ae0cf elementor-section-boxed elementor-section-height-default elementor-section-height-default\" data-id=\"355ae0cf\" data-element_type=\"section\">\n\t\t\t\t\t\t<div class=\"elementor-container elementor-column-gap-default\">\n\t\t\t\t\t<div class=\"elementor-column elementor-col-50 elementor-top-column elementor-element elementor-element-5b94d508\" data-id=\"5b94d508\" data-element_type=\"column\">\n\t\t\t<div class=\"elementor-widget-wrap elementor-element-populated\">\n\t\t\t\t\t\t<div class=\"elementor-element elementor-element-1916c859 elementor-widget elementor-widget-image\" data-id=\"1916c859\" data-element_type=\"widget\" data-widget_type=\"image.default\">\n\t\t\t\t<div class=\"elementor-widget-container\">\n\t\t\t\t\t\t\t\t\t\t\t\t\t\t\t<img decoding=\"async\" width=\"300\" height=\"159\" src=\"https:\/\/izo.si\/wp-content\/uploads\/2022\/09\/IZO_logo.svg\" class=\"attachment-medium size-medium wp-image-3273\" alt=\"\" \/>\t\t\t\t\t\t\t\t\t\t\t\t\t\t\t<\/div>\n\t\t\t\t<\/div>\n\t\t\t\t\t<\/div>\n\t\t<\/div>\n\t\t\t\t<div class=\"elementor-column elementor-col-50 elementor-top-column elementor-element elementor-element-296b1053\" data-id=\"296b1053\" data-element_type=\"column\">\n\t\t\t<div class=\"elementor-widget-wrap elementor-element-populated\">\n\t\t\t\t\t\t<div class=\"elementor-element elementor-element-21b1ab6 elementor-widget elementor-widget-image\" data-id=\"21b1ab6\" data-element_type=\"widget\" data-widget_type=\"image.default\">\n\t\t\t\t<div class=\"elementor-widget-container\">\n\t\t\t\t\t\t\t\t\t\t\t\t\t\t\t<img decoding=\"async\" width=\"300\" height=\"139\" src=\"https:\/\/izo.si\/wp-content\/uploads\/2023\/04\/Screen-Shot-2023-04-18-at-10.21.11-300x139.png\" class=\"attachment-medium size-medium wp-image-3531\" alt=\"\" srcset=\"https:\/\/izo.si\/wp-content\/uploads\/2023\/04\/Screen-Shot-2023-04-18-at-10.21.11-300x139.png 300w, https:\/\/izo.si\/wp-content\/uploads\/2023\/04\/Screen-Shot-2023-04-18-at-10.21.11-768x355.png 768w, https:\/\/izo.si\/wp-content\/uploads\/2023\/04\/Screen-Shot-2023-04-18-at-10.21.11.png 772w\" sizes=\"(max-width: 300px) 100vw, 300px\" \/>\t\t\t\t\t\t\t\t\t\t\t\t\t\t\t<\/div>\n\t\t\t\t<\/div>\n\t\t\t\t\t<\/div>\n\t\t<\/div>\n\t\t\t\t\t<\/div>\n\t\t<\/section>\n\t\t\t\t<\/div>","protected":false},"excerpt":{"rendered":"<p>Ljubljanski ledenik: podhodi, obmo\u010dja pod mostovi Kot obmo\u010dja z veliko prilo\u017enostmi pri spopadanju z vro\u010dinskimi valovi smo prepoznali obmo\u010dja pod mostovi.\u00a0 Ti kraji se lahko izka\u017eejo kot uporabna obmo\u010dja, kamor se lahko ljudje zate\u010dejo v \u010dasu vro\u010dinskih valov. Mostovi in podhodi so obi\u010dajno zgrajeni tako, da zagotavljajo senco in zmanj\u0161ujejo u\u010dinke son\u010dne svetlobe na tleh. [&hellip;]<\/p>","protected":false},"author":9,"featured_media":0,"parent":0,"menu_order":0,"comment_status":"closed","ping_status":"closed","template":"","meta":{"_monsterinsights_skip_tracking":false,"_monsterinsights_sitenote_active":false,"_monsterinsights_sitenote_note":"","_monsterinsights_sitenote_category":0,"_uf_show_specific_survey":0,"_uf_disable_surveys":false,"footnotes":""},"class_list":["post-3900","page","type-page","status-publish","hentry"],"aioseo_notices":[],"yoast_head":"<!-- This site is optimized with the Yoast SEO plugin v24.5 - https:\/\/yoast.com\/wordpress\/plugins\/seo\/ -->\n<title>Podhodi in obmo\u010dja pod mostovi - IZO<\/title>\n<meta name=\"robots\" content=\"index, follow, max-snippet:-1, max-image-preview:large, max-video-preview:-1\" \/>\n<link rel=\"canonical\" href=\"https:\/\/izo.si\/en\/podhodi-in-obmocja-pod-mostovi\/\" \/>\n<meta property=\"og:locale\" content=\"en_GB\" \/>\n<meta property=\"og:type\" content=\"article\" \/>\n<meta property=\"og:title\" content=\"Podhodi in obmo\u010dja pod mostovi - IZO\" \/>\n<meta property=\"og:description\" content=\"Ljubljanski ledenik: podhodi, obmo\u010dja pod mostovi Kot obmo\u010dja z veliko prilo\u017enostmi pri spopadanju z vro\u010dinskimi valovi smo prepoznali obmo\u010dja pod mostovi.\u00a0 Ti kraji se lahko izka\u017eejo kot uporabna obmo\u010dja, kamor se lahko ljudje zate\u010dejo v \u010dasu vro\u010dinskih valov. Mostovi in podhodi so obi\u010dajno zgrajeni tako, da zagotavljajo senco in zmanj\u0161ujejo u\u010dinke son\u010dne svetlobe na tleh. [&hellip;]\" \/>\n<meta property=\"og:url\" content=\"https:\/\/izo.si\/en\/podhodi-in-obmocja-pod-mostovi\/\" \/>\n<meta property=\"og:site_name\" content=\"IZO\" \/>\n<meta property=\"article:modified_time\" content=\"2023-06-16T09:37:48+00:00\" \/>\n<meta property=\"og:image\" content=\"https:\/\/izo.si\/wp-content\/uploads\/2023\/05\/most.gif\" \/>\n<meta name=\"twitter:card\" content=\"summary_large_image\" \/>\n<meta name=\"twitter:label1\" content=\"Estimated reading time\" \/>\n\t<meta name=\"twitter:data1\" content=\"2 minutes\" \/>\n<script type=\"application\/ld+json\" class=\"yoast-schema-graph\">{\"@context\":\"https:\/\/schema.org\",\"@graph\":[{\"@type\":\"WebPage\",\"@id\":\"https:\/\/izo.si\/podhodi-in-obmocja-pod-mostovi\/\",\"url\":\"https:\/\/izo.si\/podhodi-in-obmocja-pod-mostovi\/\",\"name\":\"Podhodi in obmo\u010dja pod mostovi - IZO\",\"isPartOf\":{\"@id\":\"https:\/\/izo.si\/#website\"},\"primaryImageOfPage\":{\"@id\":\"https:\/\/izo.si\/podhodi-in-obmocja-pod-mostovi\/#primaryimage\"},\"image\":{\"@id\":\"https:\/\/izo.si\/podhodi-in-obmocja-pod-mostovi\/#primaryimage\"},\"thumbnailUrl\":\"https:\/\/izo.si\/wp-content\/uploads\/2023\/05\/most.gif\",\"datePublished\":\"2023-05-26T09:06:31+00:00\",\"dateModified\":\"2023-06-16T09:37:48+00:00\",\"breadcrumb\":{\"@id\":\"https:\/\/izo.si\/podhodi-in-obmocja-pod-mostovi\/#breadcrumb\"},\"inLanguage\":\"en-GB\",\"potentialAction\":[{\"@type\":\"ReadAction\",\"target\":[\"https:\/\/izo.si\/podhodi-in-obmocja-pod-mostovi\/\"]}]},{\"@type\":\"ImageObject\",\"inLanguage\":\"en-GB\",\"@id\":\"https:\/\/izo.si\/podhodi-in-obmocja-pod-mostovi\/#primaryimage\",\"url\":\"https:\/\/izo.si\/wp-content\/uploads\/2023\/05\/most.gif\",\"contentUrl\":\"https:\/\/izo.si\/wp-content\/uploads\/2023\/05\/most.gif\"},{\"@type\":\"BreadcrumbList\",\"@id\":\"https:\/\/izo.si\/podhodi-in-obmocja-pod-mostovi\/#breadcrumb\",\"itemListElement\":[{\"@type\":\"ListItem\",\"position\":1,\"name\":\"Home\",\"item\":\"https:\/\/izo.si\/\"},{\"@type\":\"ListItem\",\"position\":2,\"name\":\"Podhodi in obmo\u010dja pod mostovi\"}]},{\"@type\":\"WebSite\",\"@id\":\"https:\/\/izo.si\/#website\",\"url\":\"https:\/\/izo.si\/\",\"name\":\"IZO\",\"description\":\"In\u0161titut za zdravje in okolje\",\"publisher\":{\"@id\":\"https:\/\/izo.si\/#organization\"},\"potentialAction\":[{\"@type\":\"SearchAction\",\"target\":{\"@type\":\"EntryPoint\",\"urlTemplate\":\"https:\/\/izo.si\/?s={search_term_string}\"},\"query-input\":{\"@type\":\"PropertyValueSpecification\",\"valueRequired\":true,\"valueName\":\"search_term_string\"}}],\"inLanguage\":\"en-GB\"},{\"@type\":\"Organization\",\"@id\":\"https:\/\/izo.si\/#organization\",\"name\":\"IZO\",\"url\":\"https:\/\/izo.si\/\",\"logo\":{\"@type\":\"ImageObject\",\"inLanguage\":\"en-GB\",\"@id\":\"https:\/\/izo.si\/#\/schema\/logo\/image\/\",\"url\":\"https:\/\/izo.si\/wp-content\/uploads\/2021\/01\/izo-logo@2x.png\",\"contentUrl\":\"https:\/\/izo.si\/wp-content\/uploads\/2021\/01\/izo-logo@2x.png\",\"width\":262,\"height\":139,\"caption\":\"IZO\"},\"image\":{\"@id\":\"https:\/\/izo.si\/#\/schema\/logo\/image\/\"}}]}<\/script>\n<!-- \/ Yoast SEO plugin. -->","yoast_head_json":{"title":"Podhodi in obmo\u010dja pod mostovi - IZO","robots":{"index":"index","follow":"follow","max-snippet":"max-snippet:-1","max-image-preview":"max-image-preview:large","max-video-preview":"max-video-preview:-1"},"canonical":"https:\/\/izo.si\/en\/podhodi-in-obmocja-pod-mostovi\/","og_locale":"en_GB","og_type":"article","og_title":"Podhodi in obmo\u010dja pod mostovi - IZO","og_description":"Ljubljanski ledenik: podhodi, obmo\u010dja pod mostovi Kot obmo\u010dja z veliko prilo\u017enostmi pri spopadanju z vro\u010dinskimi valovi smo prepoznali obmo\u010dja pod mostovi.\u00a0 Ti kraji se lahko izka\u017eejo kot uporabna obmo\u010dja, kamor se lahko ljudje zate\u010dejo v \u010dasu vro\u010dinskih valov. Mostovi in podhodi so obi\u010dajno zgrajeni tako, da zagotavljajo senco in zmanj\u0161ujejo u\u010dinke son\u010dne svetlobe na tleh. [&hellip;]","og_url":"https:\/\/izo.si\/en\/podhodi-in-obmocja-pod-mostovi\/","og_site_name":"IZO","article_modified_time":"2023-06-16T09:37:48+00:00","og_image":[{"url":"https:\/\/izo.si\/wp-content\/uploads\/2023\/05\/most.gif","type":"","width":"","height":""}],"twitter_card":"summary_large_image","twitter_misc":{"Estimated reading time":"2 minutes"},"schema":{"@context":"https:\/\/schema.org","@graph":[{"@type":"WebPage","@id":"https:\/\/izo.si\/podhodi-in-obmocja-pod-mostovi\/","url":"https:\/\/izo.si\/podhodi-in-obmocja-pod-mostovi\/","name":"Podhodi in obmo\u010dja pod mostovi - IZO","isPartOf":{"@id":"https:\/\/izo.si\/#website"},"primaryImageOfPage":{"@id":"https:\/\/izo.si\/podhodi-in-obmocja-pod-mostovi\/#primaryimage"},"image":{"@id":"https:\/\/izo.si\/podhodi-in-obmocja-pod-mostovi\/#primaryimage"},"thumbnailUrl":"https:\/\/izo.si\/wp-content\/uploads\/2023\/05\/most.gif","datePublished":"2023-05-26T09:06:31+00:00","dateModified":"2023-06-16T09:37:48+00:00","breadcrumb":{"@id":"https:\/\/izo.si\/podhodi-in-obmocja-pod-mostovi\/#breadcrumb"},"inLanguage":"en-GB","potentialAction":[{"@type":"ReadAction","target":["https:\/\/izo.si\/podhodi-in-obmocja-pod-mostovi\/"]}]},{"@type":"ImageObject","inLanguage":"en-GB","@id":"https:\/\/izo.si\/podhodi-in-obmocja-pod-mostovi\/#primaryimage","url":"https:\/\/izo.si\/wp-content\/uploads\/2023\/05\/most.gif","contentUrl":"https:\/\/izo.si\/wp-content\/uploads\/2023\/05\/most.gif"},{"@type":"BreadcrumbList","@id":"https:\/\/izo.si\/podhodi-in-obmocja-pod-mostovi\/#breadcrumb","itemListElement":[{"@type":"ListItem","position":1,"name":"Home","item":"https:\/\/izo.si\/"},{"@type":"ListItem","position":2,"name":"Podhodi in obmo\u010dja pod mostovi"}]},{"@type":"WebSite","@id":"https:\/\/izo.si\/#website","url":"https:\/\/izo.si\/","name":"IZO","description":"Institute for Health and Environment","publisher":{"@id":"https:\/\/izo.si\/#organization"},"potentialAction":[{"@type":"SearchAction","target":{"@type":"EntryPoint","urlTemplate":"https:\/\/izo.si\/?s={search_term_string}"},"query-input":{"@type":"PropertyValueSpecification","valueRequired":true,"valueName":"search_term_string"}}],"inLanguage":"en-GB"},{"@type":"Organization","@id":"https:\/\/izo.si\/#organization","name":"IZO","url":"https:\/\/izo.si\/","logo":{"@type":"ImageObject","inLanguage":"en-GB","@id":"https:\/\/izo.si\/#\/schema\/logo\/image\/","url":"https:\/\/izo.si\/wp-content\/uploads\/2021\/01\/izo-logo@2x.png","contentUrl":"https:\/\/izo.si\/wp-content\/uploads\/2021\/01\/izo-logo@2x.png","width":262,"height":139,"caption":"IZO"},"image":{"@id":"https:\/\/izo.si\/#\/schema\/logo\/image\/"}}]}},"_links":{"self":[{"href":"https:\/\/izo.si\/en\/wp-json\/wp\/v2\/pages\/3900","targetHints":{"allow":["GET"]}}],"collection":[{"href":"https:\/\/izo.si\/en\/wp-json\/wp\/v2\/pages"}],"about":[{"href":"https:\/\/izo.si\/en\/wp-json\/wp\/v2\/types\/page"}],"author":[{"embeddable":true,"href":"https:\/\/izo.si\/en\/wp-json\/wp\/v2\/users\/9"}],"replies":[{"embeddable":true,"href":"https:\/\/izo.si\/en\/wp-json\/wp\/v2\/comments?post=3900"}],"version-history":[{"count":12,"href":"https:\/\/izo.si\/en\/wp-json\/wp\/v2\/pages\/3900\/revisions"}],"predecessor-version":[{"id":4217,"href":"https:\/\/izo.si\/en\/wp-json\/wp\/v2\/pages\/3900\/revisions\/4217"}],"wp:attachment":[{"href":"https:\/\/izo.si\/en\/wp-json\/wp\/v2\/media?parent=3900"}],"curies":[{"name":"wp","href":"https:\/\/api.w.org\/{rel}","templated":true}]}}