{"id":3888,"date":"2023-05-26T10:42:37","date_gmt":"2023-05-26T08:42:37","guid":{"rendered":"https:\/\/izo.si\/?page_id=3888"},"modified":"2023-06-16T11:38:41","modified_gmt":"2023-06-16T09:38:41","slug":"vodne-povrsine","status":"publish","type":"page","link":"https:\/\/izo.si\/en\/vodne-povrsine\/","title":{"rendered":"Blue spaces"},"content":{"rendered":"<div data-elementor-type=\"wp-page\" data-elementor-id=\"3888\" class=\"elementor elementor-3888\">\n\t\t\t\t\t\t<section class=\"elementor-section elementor-top-section elementor-element elementor-element-3226a90d elementor-section-boxed elementor-section-height-default elementor-section-height-default\" data-id=\"3226a90d\" data-element_type=\"section\">\n\t\t\t\t\t\t<div class=\"elementor-container elementor-column-gap-default\">\n\t\t\t\t\t<div class=\"elementor-column elementor-col-100 elementor-top-column elementor-element elementor-element-6f3b2960\" data-id=\"6f3b2960\" data-element_type=\"column\">\n\t\t\t<div class=\"elementor-widget-wrap elementor-element-populated\">\n\t\t\t\t\t\t<div class=\"elementor-element elementor-element-642ef970 elementor-headline--style-highlight elementor-widget elementor-widget-animated-headline\" data-id=\"642ef970\" data-element_type=\"widget\" data-settings=\"{&quot;marker&quot;:&quot;double_underline&quot;,&quot;highlighted_text&quot;:&quot;vodne povr\\u0161ine&quot;,&quot;highlight_animation_duration&quot;:1400,&quot;headline_style&quot;:&quot;highlight&quot;}\" data-widget_type=\"animated-headline.default\">\n\t\t\t\t<div class=\"elementor-widget-container\">\n\t\t\t\t\t\t\t<h3 class=\"elementor-headline\">\n\t\t\t\t\t<span class=\"elementor-headline-plain-text elementor-headline-text-wrapper\">Ljubljana Glacier: <\/span>\n\t\t\t\t<span class=\"elementor-headline-dynamic-wrapper elementor-headline-text-wrapper\">\n\t\t\t\t\t<span class=\"elementor-headline-dynamic-text elementor-headline-text-active\">blue spaces<\/span>\n\t\t\t\t<\/span>\n\t\t\t\t<\/h3>\n\t\t\t\t\t\t<\/div>\n\t\t\t\t<\/div>\n\t\t\t\t\t<\/div>\n\t\t<\/div>\n\t\t\t\t\t<\/div>\n\t\t<\/section>\n\t\t\t\t<section class=\"elementor-section elementor-top-section elementor-element elementor-element-4a935e63 elementor-section-boxed elementor-section-height-default elementor-section-height-default\" data-id=\"4a935e63\" data-element_type=\"section\">\n\t\t\t\t\t\t<div class=\"elementor-container elementor-column-gap-default\">\n\t\t\t\t\t<div class=\"elementor-column elementor-col-100 elementor-top-column elementor-element elementor-element-45690d13\" data-id=\"45690d13\" data-element_type=\"column\">\n\t\t\t<div class=\"elementor-widget-wrap elementor-element-populated\">\n\t\t\t\t\t\t<section class=\"elementor-section elementor-inner-section elementor-element elementor-element-6267aa81 elementor-section-boxed elementor-section-height-default elementor-section-height-default\" data-id=\"6267aa81\" data-element_type=\"section\">\n\t\t\t\t\t\t<div class=\"elementor-container elementor-column-gap-default\">\n\t\t\t\t\t<div class=\"elementor-column elementor-col-50 elementor-inner-column elementor-element elementor-element-6aa55b9c\" data-id=\"6aa55b9c\" data-element_type=\"column\">\n\t\t\t<div class=\"elementor-widget-wrap elementor-element-populated\">\n\t\t\t\t\t\t<div class=\"elementor-element elementor-element-1bdb0590 elementor-widget elementor-widget-text-editor\" data-id=\"1bdb0590\" data-element_type=\"widget\" data-widget_type=\"text-editor.default\">\n\t\t\t\t<div class=\"elementor-widget-container\">\n\t\t\t\t\t\t\t\t\t<p><span style=\"font-weight: 400;\">The idea of artificial rain, known as the <\/span><i><span style=\"font-weight: 400;\">\"Area With Ljubljana\u2019s Own Weather\"<\/span><\/i><span style=\"font-weight: 400;\"> at Pre\u0161eren Square, was conceived by the late artist Zmago Modic (1, 2). This unique project was initiated in 2008 when Modic collaborated with the Municipality of Ljubljana to create artificial rain over the square during the summer months.<\/span><\/p><p><span style=\"font-weight: 400;\">To inform pedestrians about the possibility of rain, two traffic signs are placed, reminding them to carry umbrellas during the summer. Since 2015, the Area With Ljubljana\u2019s Own Weather has become an annual feature above Pre\u0161eren Square (2).<\/span><\/p><p><span style=\"font-weight: 400;\">The cooling of Pre\u0161eren Square is significantly influenced by the nearby Ljubljanica River. <\/span><span style=\"font-weight: 400;\">With careful architectural planning, the river can bring cooling effects up to 30 metres inland, and the riverbank experiences the lowest temperatures.<\/span><span style=\"font-weight: 400;\"> The presence of green, vegetated riverbanks leads to much lower temperatures during hot weather compared to banks made of materials like stone or concrete (3).<\/span><\/p><p><span style=\"font-weight: 400;\">Water plays a crucial role in cooling strategies. Hanging damp cloths, such as towels, in living spaces, is an economically favourable method that provides a sense of lower temperature through evaporation. Additionally, taking cold showers<\/span><span style=\"font-weight: 400;\"> multiple times a day is recommended during hot weather (<\/span><span style=\"font-weight: 400;\">4).<\/span><\/p><p><i><span style=\"font-weight: 400;\">The Ljubljanski ledenik (Ljubljana Glacier) project is an initiative dedicated to raising awareness about the significance, impact, and protection against heat waves. Discover more valuable content on posters strategically placed throughout the city centre and by visiting the following <\/span><\/i><strong><a href=\"https:\/\/izo.si\/en\/ll-ljubljanski-ledenik\/\"><i>link<\/i><\/a><\/strong><i><span style=\"font-weight: 400;\">. The project is co-funded by the Municipality of Ljubljana.<\/span><\/i><\/p>\t\t\t\t\t\t\t\t<\/div>\n\t\t\t\t<\/div>\n\t\t\t\t\t<\/div>\n\t\t<\/div>\n\t\t\t\t<div class=\"elementor-column elementor-col-50 elementor-inner-column elementor-element elementor-element-423b830c\" data-id=\"423b830c\" data-element_type=\"column\">\n\t\t\t<div class=\"elementor-widget-wrap elementor-element-populated\">\n\t\t\t\t\t\t<div class=\"elementor-element elementor-element-7a2100b1 e-transform e-transform elementor-widget elementor-widget-image\" data-id=\"7a2100b1\" data-element_type=\"widget\" data-settings=\"{&quot;_transform_scale_effect&quot;:{&quot;unit&quot;:&quot;px&quot;,&quot;size&quot;:1,&quot;sizes&quot;:[]},&quot;_transform_scale_effect_tablet&quot;:{&quot;unit&quot;:&quot;px&quot;,&quot;size&quot;:&quot;&quot;,&quot;sizes&quot;:[]},&quot;_transform_scale_effect_mobile&quot;:{&quot;unit&quot;:&quot;px&quot;,&quot;size&quot;:&quot;&quot;,&quot;sizes&quot;:[]},&quot;_transform_skewX_effect&quot;:{&quot;unit&quot;:&quot;px&quot;,&quot;size&quot;:&quot;&quot;,&quot;sizes&quot;:[]},&quot;_transform_skewX_effect_tablet&quot;:{&quot;unit&quot;:&quot;deg&quot;,&quot;size&quot;:&quot;&quot;,&quot;sizes&quot;:[]},&quot;_transform_skewX_effect_mobile&quot;:{&quot;unit&quot;:&quot;deg&quot;,&quot;size&quot;:&quot;&quot;,&quot;sizes&quot;:[]},&quot;_transform_skewY_effect&quot;:{&quot;unit&quot;:&quot;px&quot;,&quot;size&quot;:&quot;&quot;,&quot;sizes&quot;:[]},&quot;_transform_skewY_effect_tablet&quot;:{&quot;unit&quot;:&quot;deg&quot;,&quot;size&quot;:&quot;&quot;,&quot;sizes&quot;:[]},&quot;_transform_skewY_effect_mobile&quot;:{&quot;unit&quot;:&quot;deg&quot;,&quot;size&quot;:&quot;&quot;,&quot;sizes&quot;:[]}}\" data-widget_type=\"image.default\">\n\t\t\t\t<div class=\"elementor-widget-container\">\n\t\t\t\t\t\t\t\t\t\t\t\t\t\t\t<img fetchpriority=\"high\" decoding=\"async\" width=\"820\" height=\"1200\" src=\"https:\/\/izo.si\/wp-content\/uploads\/2023\/05\/preseren.gif\" class=\"attachment-full size-full wp-image-3890\" alt=\"\" \/>\t\t\t\t\t\t\t\t\t\t\t\t\t\t\t<\/div>\n\t\t\t\t<\/div>\n\t\t\t\t\t<\/div>\n\t\t<\/div>\n\t\t\t\t\t<\/div>\n\t\t<\/section>\n\t\t\t\t\t<\/div>\n\t\t<\/div>\n\t\t\t\t\t<\/div>\n\t\t<\/section>\n\t\t\t\t<section class=\"elementor-section elementor-top-section elementor-element elementor-element-6cdaac9f elementor-section-boxed elementor-section-height-default elementor-section-height-default\" data-id=\"6cdaac9f\" data-element_type=\"section\">\n\t\t\t\t\t\t<div class=\"elementor-container elementor-column-gap-default\">\n\t\t\t\t\t<div class=\"elementor-column elementor-col-100 elementor-top-column elementor-element elementor-element-51d14e97\" data-id=\"51d14e97\" data-element_type=\"column\">\n\t\t\t<div class=\"elementor-widget-wrap elementor-element-populated\">\n\t\t\t\t\t\t<div class=\"elementor-element elementor-element-234729b4 elementor-widget elementor-widget-google_maps\" data-id=\"234729b4\" data-element_type=\"widget\" data-widget_type=\"google_maps.default\">\n\t\t\t\t<div class=\"elementor-widget-container\">\n\t\t\t\t\t\t\t<div class=\"elementor-custom-embed\">\n\t\t\t<iframe loading=\"lazy\"\n\t\t\t\t\tsrc=\"https:\/\/maps.google.com\/maps?q=46.051815%2C%2014.502992&#038;t=m&#038;z=16&#038;output=embed&#038;iwloc=near\"\n\t\t\t\t\ttitle=\"46.051815, 14.502992\"\n\t\t\t\t\taria-label=\"46.051815, 14.502992\"\n\t\t\t><\/iframe>\n\t\t<\/div>\n\t\t\t\t\t\t<\/div>\n\t\t\t\t<\/div>\n\t\t\t\t\t<\/div>\n\t\t<\/div>\n\t\t\t\t\t<\/div>\n\t\t<\/section>\n\t\t\t\t<section class=\"elementor-section elementor-top-section elementor-element elementor-element-65d053ac elementor-section-boxed elementor-section-height-default elementor-section-height-default\" data-id=\"65d053ac\" data-element_type=\"section\">\n\t\t\t\t\t\t<div class=\"elementor-container elementor-column-gap-default\">\n\t\t\t\t\t<div class=\"elementor-column elementor-col-100 elementor-top-column elementor-element elementor-element-8d92bde\" data-id=\"8d92bde\" data-element_type=\"column\">\n\t\t\t<div class=\"elementor-widget-wrap elementor-element-populated\">\n\t\t\t\t\t\t<div class=\"elementor-element elementor-element-72224ac elementor-widget elementor-widget-text-editor\" data-id=\"72224ac\" data-element_type=\"widget\" data-widget_type=\"text-editor.default\">\n\t\t\t\t<div class=\"elementor-widget-container\">\n\t\t\t\t\t\t\t\t\t<p>(1) Be. B., 2019. Umrl je Zmago Modic. Delo.si. URL: https:\/\/www.delo.si\/novice\/crna-kronika\/umrl-je-zmago-modic\/<br \/>(2) 2015. Poletje v znamenju rekordnega \u0161tevila vro\u010dih dni in hkrati \u201cpodro\u010dja z lastnim vremenom v Ljubljani\u201d. Visit Ljubljana. Visitljubljana.com. URL:https:\/\/www.visitljubljana.com\/sl\/obiskovalci\/pisma-iz-ljubljane\/avgust-2015\/poletje-v-znamenju-rekordnega-stevila-vrocih-dni-in-hkrati-podrocja-z-lastnim-vremenom-v-ljubljani-3\/<br \/>(3) Moyer, A. N., &amp; Hawkins, T. W., 2017. River effects on the heat island of a small urban area. Urban Climate, 21, str. 262\u2013277. DOI: 10.1016\/j.uclim.2017.07.004<br \/>(4) NIJZ. Napotki prebivalcem za ravnanje v vro\u010dini, ko je med nami \u0161e vedno prisoten virus SARS-CoV-2. URL: https:\/\/nijz.si\/moje-okolje\/zrak\/napotki-prebivalcem-za-ravnanje-v-vrocini-ko-je-med-nami-se-vedno-prisoten-virus-sars-cov-2\/<\/p>\t\t\t\t\t\t\t\t<\/div>\n\t\t\t\t<\/div>\n\t\t\t\t\t<\/div>\n\t\t<\/div>\n\t\t\t\t\t<\/div>\n\t\t<\/section>\n\t\t\t\t<section class=\"elementor-section elementor-top-section elementor-element elementor-element-7e9fcfeb elementor-section-boxed elementor-section-height-default elementor-section-height-default\" data-id=\"7e9fcfeb\" data-element_type=\"section\">\n\t\t\t\t\t\t<div class=\"elementor-container elementor-column-gap-default\">\n\t\t\t\t\t<div class=\"elementor-column elementor-col-50 elementor-top-column elementor-element elementor-element-5698e996\" data-id=\"5698e996\" data-element_type=\"column\">\n\t\t\t<div class=\"elementor-widget-wrap elementor-element-populated\">\n\t\t\t\t\t\t<div class=\"elementor-element elementor-element-83188c8 elementor-widget elementor-widget-image\" data-id=\"83188c8\" data-element_type=\"widget\" data-widget_type=\"image.default\">\n\t\t\t\t<div class=\"elementor-widget-container\">\n\t\t\t\t\t\t\t\t\t\t\t\t\t\t\t<img decoding=\"async\" width=\"300\" height=\"159\" src=\"https:\/\/izo.si\/wp-content\/uploads\/2022\/09\/IZO_logo.svg\" class=\"attachment-medium size-medium wp-image-3273\" alt=\"\" \/>\t\t\t\t\t\t\t\t\t\t\t\t\t\t\t<\/div>\n\t\t\t\t<\/div>\n\t\t\t\t\t<\/div>\n\t\t<\/div>\n\t\t\t\t<div class=\"elementor-column elementor-col-50 elementor-top-column elementor-element elementor-element-37ad667a\" data-id=\"37ad667a\" data-element_type=\"column\">\n\t\t\t<div class=\"elementor-widget-wrap elementor-element-populated\">\n\t\t\t\t\t\t<div class=\"elementor-element elementor-element-53a8be64 elementor-widget elementor-widget-image\" data-id=\"53a8be64\" data-element_type=\"widget\" data-widget_type=\"image.default\">\n\t\t\t\t<div class=\"elementor-widget-container\">\n\t\t\t\t\t\t\t\t\t\t\t\t\t\t\t<img decoding=\"async\" width=\"300\" height=\"139\" src=\"https:\/\/izo.si\/wp-content\/uploads\/2023\/04\/Screen-Shot-2023-04-18-at-10.21.11-300x139.png\" class=\"attachment-medium size-medium wp-image-3531\" alt=\"\" srcset=\"https:\/\/izo.si\/wp-content\/uploads\/2023\/04\/Screen-Shot-2023-04-18-at-10.21.11-300x139.png 300w, https:\/\/izo.si\/wp-content\/uploads\/2023\/04\/Screen-Shot-2023-04-18-at-10.21.11-768x355.png 768w, https:\/\/izo.si\/wp-content\/uploads\/2023\/04\/Screen-Shot-2023-04-18-at-10.21.11.png 772w\" sizes=\"(max-width: 300px) 100vw, 300px\" \/>\t\t\t\t\t\t\t\t\t\t\t\t\t\t\t<\/div>\n\t\t\t\t<\/div>\n\t\t\t\t\t<\/div>\n\t\t<\/div>\n\t\t\t\t\t<\/div>\n\t\t<\/section>\n\t\t\t\t<\/div>","protected":false},"excerpt":{"rendered":"<p>Ljubljanski ledenik: vodne povr\u0161ine Umetni de\u017e oz. Podro\u010dje lastnega vremena na Pre\u0161ernovem trgu je ideja pokojnega umetnika Zmaga Modica (1, 2). Projekt sega v leto 2008, ko je Modic v sodelovanju z Mestno ob\u010dino Ljubljana v poletnih mesecih nad ljubljanskim trgom ustvaril \u201cumetni de\u017e\u201d. Mimoido\u010de na nevarnost de\u017eja in priporo\u010deno uporabo de\u017enika v poletnih mesecih [&hellip;]<\/p>","protected":false},"author":9,"featured_media":0,"parent":0,"menu_order":0,"comment_status":"closed","ping_status":"closed","template":"","meta":{"_monsterinsights_skip_tracking":false,"_monsterinsights_sitenote_active":false,"_monsterinsights_sitenote_note":"","_monsterinsights_sitenote_category":0,"_uf_show_specific_survey":0,"_uf_disable_surveys":false,"footnotes":""},"class_list":["post-3888","page","type-page","status-publish","hentry"],"aioseo_notices":[],"yoast_head":"<!-- This site is optimized with the Yoast SEO plugin v24.5 - https:\/\/yoast.com\/wordpress\/plugins\/seo\/ -->\n<title>Vodne povr\u0161ine - IZO<\/title>\n<meta name=\"robots\" content=\"index, follow, max-snippet:-1, max-image-preview:large, max-video-preview:-1\" \/>\n<link rel=\"canonical\" href=\"https:\/\/izo.si\/en\/vodne-povrsine\/\" \/>\n<meta property=\"og:locale\" content=\"en_GB\" \/>\n<meta property=\"og:type\" content=\"article\" \/>\n<meta property=\"og:title\" content=\"Vodne povr\u0161ine - IZO\" \/>\n<meta property=\"og:description\" content=\"Ljubljanski ledenik: vodne povr\u0161ine Umetni de\u017e oz. Podro\u010dje lastnega vremena na Pre\u0161ernovem trgu je ideja pokojnega umetnika Zmaga Modica (1, 2). Projekt sega v leto 2008, ko je Modic v sodelovanju z Mestno ob\u010dino Ljubljana v poletnih mesecih nad ljubljanskim trgom ustvaril \u201cumetni de\u017e\u201d. Mimoido\u010de na nevarnost de\u017eja in priporo\u010deno uporabo de\u017enika v poletnih mesecih [&hellip;]\" \/>\n<meta property=\"og:url\" content=\"https:\/\/izo.si\/en\/vodne-povrsine\/\" \/>\n<meta property=\"og:site_name\" content=\"IZO\" \/>\n<meta property=\"article:modified_time\" content=\"2023-06-16T09:38:41+00:00\" \/>\n<meta property=\"og:image\" content=\"https:\/\/izo.si\/wp-content\/uploads\/2023\/05\/preseren.gif\" \/>\n<meta name=\"twitter:card\" content=\"summary_large_image\" \/>\n<meta name=\"twitter:label1\" content=\"Estimated reading time\" \/>\n\t<meta name=\"twitter:data1\" content=\"2 minutes\" \/>\n<script type=\"application\/ld+json\" class=\"yoast-schema-graph\">{\"@context\":\"https:\/\/schema.org\",\"@graph\":[{\"@type\":\"WebPage\",\"@id\":\"https:\/\/izo.si\/vodne-povrsine\/\",\"url\":\"https:\/\/izo.si\/vodne-povrsine\/\",\"name\":\"Vodne povr\u0161ine - IZO\",\"isPartOf\":{\"@id\":\"https:\/\/izo.si\/#website\"},\"primaryImageOfPage\":{\"@id\":\"https:\/\/izo.si\/vodne-povrsine\/#primaryimage\"},\"image\":{\"@id\":\"https:\/\/izo.si\/vodne-povrsine\/#primaryimage\"},\"thumbnailUrl\":\"https:\/\/izo.si\/wp-content\/uploads\/2023\/05\/preseren.gif\",\"datePublished\":\"2023-05-26T08:42:37+00:00\",\"dateModified\":\"2023-06-16T09:38:41+00:00\",\"breadcrumb\":{\"@id\":\"https:\/\/izo.si\/vodne-povrsine\/#breadcrumb\"},\"inLanguage\":\"en-GB\",\"potentialAction\":[{\"@type\":\"ReadAction\",\"target\":[\"https:\/\/izo.si\/vodne-povrsine\/\"]}]},{\"@type\":\"ImageObject\",\"inLanguage\":\"en-GB\",\"@id\":\"https:\/\/izo.si\/vodne-povrsine\/#primaryimage\",\"url\":\"https:\/\/izo.si\/wp-content\/uploads\/2023\/05\/preseren.gif\",\"contentUrl\":\"https:\/\/izo.si\/wp-content\/uploads\/2023\/05\/preseren.gif\"},{\"@type\":\"BreadcrumbList\",\"@id\":\"https:\/\/izo.si\/vodne-povrsine\/#breadcrumb\",\"itemListElement\":[{\"@type\":\"ListItem\",\"position\":1,\"name\":\"Home\",\"item\":\"https:\/\/izo.si\/\"},{\"@type\":\"ListItem\",\"position\":2,\"name\":\"Vodne povr\u0161ine\"}]},{\"@type\":\"WebSite\",\"@id\":\"https:\/\/izo.si\/#website\",\"url\":\"https:\/\/izo.si\/\",\"name\":\"IZO\",\"description\":\"In\u0161titut za zdravje in okolje\",\"publisher\":{\"@id\":\"https:\/\/izo.si\/#organization\"},\"potentialAction\":[{\"@type\":\"SearchAction\",\"target\":{\"@type\":\"EntryPoint\",\"urlTemplate\":\"https:\/\/izo.si\/?s={search_term_string}\"},\"query-input\":{\"@type\":\"PropertyValueSpecification\",\"valueRequired\":true,\"valueName\":\"search_term_string\"}}],\"inLanguage\":\"en-GB\"},{\"@type\":\"Organization\",\"@id\":\"https:\/\/izo.si\/#organization\",\"name\":\"IZO\",\"url\":\"https:\/\/izo.si\/\",\"logo\":{\"@type\":\"ImageObject\",\"inLanguage\":\"en-GB\",\"@id\":\"https:\/\/izo.si\/#\/schema\/logo\/image\/\",\"url\":\"https:\/\/izo.si\/wp-content\/uploads\/2021\/01\/izo-logo@2x.png\",\"contentUrl\":\"https:\/\/izo.si\/wp-content\/uploads\/2021\/01\/izo-logo@2x.png\",\"width\":262,\"height\":139,\"caption\":\"IZO\"},\"image\":{\"@id\":\"https:\/\/izo.si\/#\/schema\/logo\/image\/\"}}]}<\/script>\n<!-- \/ Yoast SEO plugin. -->","yoast_head_json":{"title":"Vodne povr\u0161ine - IZO","robots":{"index":"index","follow":"follow","max-snippet":"max-snippet:-1","max-image-preview":"max-image-preview:large","max-video-preview":"max-video-preview:-1"},"canonical":"https:\/\/izo.si\/en\/vodne-povrsine\/","og_locale":"en_GB","og_type":"article","og_title":"Vodne povr\u0161ine - IZO","og_description":"Ljubljanski ledenik: vodne povr\u0161ine Umetni de\u017e oz. Podro\u010dje lastnega vremena na Pre\u0161ernovem trgu je ideja pokojnega umetnika Zmaga Modica (1, 2). Projekt sega v leto 2008, ko je Modic v sodelovanju z Mestno ob\u010dino Ljubljana v poletnih mesecih nad ljubljanskim trgom ustvaril \u201cumetni de\u017e\u201d. Mimoido\u010de na nevarnost de\u017eja in priporo\u010deno uporabo de\u017enika v poletnih mesecih [&hellip;]","og_url":"https:\/\/izo.si\/en\/vodne-povrsine\/","og_site_name":"IZO","article_modified_time":"2023-06-16T09:38:41+00:00","og_image":[{"url":"https:\/\/izo.si\/wp-content\/uploads\/2023\/05\/preseren.gif","type":"","width":"","height":""}],"twitter_card":"summary_large_image","twitter_misc":{"Estimated reading time":"2 minutes"},"schema":{"@context":"https:\/\/schema.org","@graph":[{"@type":"WebPage","@id":"https:\/\/izo.si\/vodne-povrsine\/","url":"https:\/\/izo.si\/vodne-povrsine\/","name":"Vodne povr\u0161ine - IZO","isPartOf":{"@id":"https:\/\/izo.si\/#website"},"primaryImageOfPage":{"@id":"https:\/\/izo.si\/vodne-povrsine\/#primaryimage"},"image":{"@id":"https:\/\/izo.si\/vodne-povrsine\/#primaryimage"},"thumbnailUrl":"https:\/\/izo.si\/wp-content\/uploads\/2023\/05\/preseren.gif","datePublished":"2023-05-26T08:42:37+00:00","dateModified":"2023-06-16T09:38:41+00:00","breadcrumb":{"@id":"https:\/\/izo.si\/vodne-povrsine\/#breadcrumb"},"inLanguage":"en-GB","potentialAction":[{"@type":"ReadAction","target":["https:\/\/izo.si\/vodne-povrsine\/"]}]},{"@type":"ImageObject","inLanguage":"en-GB","@id":"https:\/\/izo.si\/vodne-povrsine\/#primaryimage","url":"https:\/\/izo.si\/wp-content\/uploads\/2023\/05\/preseren.gif","contentUrl":"https:\/\/izo.si\/wp-content\/uploads\/2023\/05\/preseren.gif"},{"@type":"BreadcrumbList","@id":"https:\/\/izo.si\/vodne-povrsine\/#breadcrumb","itemListElement":[{"@type":"ListItem","position":1,"name":"Home","item":"https:\/\/izo.si\/"},{"@type":"ListItem","position":2,"name":"Vodne povr\u0161ine"}]},{"@type":"WebSite","@id":"https:\/\/izo.si\/#website","url":"https:\/\/izo.si\/","name":"IZO","description":"Institute for Health and Environment","publisher":{"@id":"https:\/\/izo.si\/#organization"},"potentialAction":[{"@type":"SearchAction","target":{"@type":"EntryPoint","urlTemplate":"https:\/\/izo.si\/?s={search_term_string}"},"query-input":{"@type":"PropertyValueSpecification","valueRequired":true,"valueName":"search_term_string"}}],"inLanguage":"en-GB"},{"@type":"Organization","@id":"https:\/\/izo.si\/#organization","name":"IZO","url":"https:\/\/izo.si\/","logo":{"@type":"ImageObject","inLanguage":"en-GB","@id":"https:\/\/izo.si\/#\/schema\/logo\/image\/","url":"https:\/\/izo.si\/wp-content\/uploads\/2021\/01\/izo-logo@2x.png","contentUrl":"https:\/\/izo.si\/wp-content\/uploads\/2021\/01\/izo-logo@2x.png","width":262,"height":139,"caption":"IZO"},"image":{"@id":"https:\/\/izo.si\/#\/schema\/logo\/image\/"}}]}},"_links":{"self":[{"href":"https:\/\/izo.si\/en\/wp-json\/wp\/v2\/pages\/3888","targetHints":{"allow":["GET"]}}],"collection":[{"href":"https:\/\/izo.si\/en\/wp-json\/wp\/v2\/pages"}],"about":[{"href":"https:\/\/izo.si\/en\/wp-json\/wp\/v2\/types\/page"}],"author":[{"embeddable":true,"href":"https:\/\/izo.si\/en\/wp-json\/wp\/v2\/users\/9"}],"replies":[{"embeddable":true,"href":"https:\/\/izo.si\/en\/wp-json\/wp\/v2\/comments?post=3888"}],"version-history":[{"count":24,"href":"https:\/\/izo.si\/en\/wp-json\/wp\/v2\/pages\/3888\/revisions"}],"predecessor-version":[{"id":4226,"href":"https:\/\/izo.si\/en\/wp-json\/wp\/v2\/pages\/3888\/revisions\/4226"}],"wp:attachment":[{"href":"https:\/\/izo.si\/en\/wp-json\/wp\/v2\/media?parent=3888"}],"curies":[{"name":"wp","href":"https:\/\/api.w.org\/{rel}","templated":true}]}}