{"id":3882,"date":"2023-05-26T10:35:52","date_gmt":"2023-05-26T08:35:52","guid":{"rendered":"https:\/\/izo.si\/?page_id=3882"},"modified":"2023-06-16T11:38:59","modified_gmt":"2023-06-16T09:38:59","slug":"zelene-povrsine","status":"publish","type":"page","link":"https:\/\/izo.si\/en\/zelene-povrsine\/","title":{"rendered":"Green spaces"},"content":{"rendered":"<div data-elementor-type=\"wp-page\" data-elementor-id=\"3882\" class=\"elementor elementor-3882\">\n\t\t\t\t\t\t<section class=\"elementor-section elementor-top-section elementor-element elementor-element-17583563 elementor-section-boxed elementor-section-height-default elementor-section-height-default\" data-id=\"17583563\" data-element_type=\"section\">\n\t\t\t\t\t\t<div class=\"elementor-container elementor-column-gap-default\">\n\t\t\t\t\t<div class=\"elementor-column elementor-col-100 elementor-top-column elementor-element elementor-element-7196d394\" data-id=\"7196d394\" data-element_type=\"column\">\n\t\t\t<div class=\"elementor-widget-wrap elementor-element-populated\">\n\t\t\t\t\t\t<div class=\"elementor-element elementor-element-7ad4cc0d elementor-headline--style-highlight elementor-widget elementor-widget-animated-headline\" data-id=\"7ad4cc0d\" data-element_type=\"widget\" data-settings=\"{&quot;marker&quot;:&quot;double_underline&quot;,&quot;highlighted_text&quot;:&quot;zelene povr\\u0161ine&quot;,&quot;highlight_animation_duration&quot;:1400,&quot;headline_style&quot;:&quot;highlight&quot;}\" data-widget_type=\"animated-headline.default\">\n\t\t\t\t<div class=\"elementor-widget-container\">\n\t\t\t\t\t\t\t<h3 class=\"elementor-headline\">\n\t\t\t\t\t<span class=\"elementor-headline-plain-text elementor-headline-text-wrapper\">Ljubljana Glacier: <\/span>\n\t\t\t\t<span class=\"elementor-headline-dynamic-wrapper elementor-headline-text-wrapper\">\n\t\t\t\t\t<span class=\"elementor-headline-dynamic-text elementor-headline-text-active\">green spaces<\/span>\n\t\t\t\t<\/span>\n\t\t\t\t<\/h3>\n\t\t\t\t\t\t<\/div>\n\t\t\t\t<\/div>\n\t\t\t\t\t<\/div>\n\t\t<\/div>\n\t\t\t\t\t<\/div>\n\t\t<\/section>\n\t\t\t\t<section class=\"elementor-section elementor-top-section elementor-element elementor-element-49b24933 elementor-section-boxed elementor-section-height-default elementor-section-height-default\" data-id=\"49b24933\" data-element_type=\"section\">\n\t\t\t\t\t\t<div class=\"elementor-container elementor-column-gap-default\">\n\t\t\t\t\t<div class=\"elementor-column elementor-col-100 elementor-top-column elementor-element elementor-element-537cfd6a\" data-id=\"537cfd6a\" data-element_type=\"column\">\n\t\t\t<div class=\"elementor-widget-wrap elementor-element-populated\">\n\t\t\t\t\t\t<section class=\"elementor-section elementor-inner-section elementor-element elementor-element-1fe8e423 elementor-section-boxed elementor-section-height-default elementor-section-height-default\" data-id=\"1fe8e423\" data-element_type=\"section\">\n\t\t\t\t\t\t<div class=\"elementor-container elementor-column-gap-default\">\n\t\t\t\t\t<div class=\"elementor-column elementor-col-50 elementor-inner-column elementor-element elementor-element-43cb9623\" data-id=\"43cb9623\" data-element_type=\"column\">\n\t\t\t<div class=\"elementor-widget-wrap elementor-element-populated\">\n\t\t\t\t\t\t<div class=\"elementor-element elementor-element-6b105b64 elementor-widget elementor-widget-text-editor\" data-id=\"6b105b64\" data-element_type=\"widget\" data-widget_type=\"text-editor.default\">\n\t\t\t\t<div class=\"elementor-widget-container\">\n\t\t\t\t\t\t\t\t\t<p><span style=\"font-weight: 400;\">Green spaces are vital for countering the urban heat island effect and reducing heat stress on living organisms. <\/span><span style=\"font-weight: 400;\">But what does this actually mean? The cooling effect of urban green areas is not solely due to trees providing shade. It involves a more intricate process where green surfaces decrease the amount of solar energy that is converted into heat. Solar energy reaches the Earth as shortwave radiation.\u00a0<\/span><\/p><p><span style=\"font-weight: 400;\">Instead of turning into heat, some of this energy is used for plant photosynthesis and water evaporation, resulting in lower temperatures in the surroundings. So, the cooling effect relies not only on trees but also on lower vegetation and water surfaces. Modern architectural and urban planning approaches prioritise greening walls and rooftops of buildings (1, 2).\u00a0<\/span><\/p><p><span style=\"font-weight: 400;\">To combat the urban heat island effect, it\u2019s essential to incorporate larger green spaces, including water features, in urban development plans. These approaches have proven to be highly effective in reducing heat stress on organisms and mitigating the heat island effect (3).\u00a0<\/span><\/p><p><span style=\"font-weight: 400;\">Park Zvezda serves as one example of such an area\u2014the Municipality of Ljubljana provides 542 m\u00b2 of public (larger) green spaces per resident, with access available within a maximum distance of 300 meters from densely populated areas (4). However, with summers in Ljubljana getting hotter, the continuous creation of new green spaces is crucial for the well-being of residents. <\/span><a href=\"https:\/\/vroce-tocke.info\/\"><span style=\"font-weight: 400;\">info@izo.si<\/span><\/a><span style=\"font-weight: 400;\">, pedestrians and cyclists in Ljubljana highlighted the areas in the city that are most in need of greening.<\/span><\/p><p><i><span style=\"font-weight: 400;\">The Ljubljanski ledenik (Ljubljana Glacier) project is an initiative dedicated to raising awareness about the significance, impact, and protection against heat waves. Discover more valuable content on posters strategically placed throughout the city centre and by visiting the following <\/span><\/i><strong><a href=\"https:\/\/izo.si\/en\/ll-ljubljanski-ledenik\/\"><i>link<\/i><\/a><\/strong><i><span style=\"font-weight: 400;\">. The project is co-funded by the Municipality of Ljubljana.<\/span><\/i><\/p>\t\t\t\t\t\t\t\t<\/div>\n\t\t\t\t<\/div>\n\t\t\t\t\t<\/div>\n\t\t<\/div>\n\t\t\t\t<div class=\"elementor-column elementor-col-50 elementor-inner-column elementor-element elementor-element-33f3fcfa\" data-id=\"33f3fcfa\" data-element_type=\"column\">\n\t\t\t<div class=\"elementor-widget-wrap elementor-element-populated\">\n\t\t\t\t\t\t<div class=\"elementor-element elementor-element-4c32d605 e-transform e-transform elementor-widget elementor-widget-image\" data-id=\"4c32d605\" data-element_type=\"widget\" data-settings=\"{&quot;_transform_scale_effect&quot;:{&quot;unit&quot;:&quot;px&quot;,&quot;size&quot;:1,&quot;sizes&quot;:[]},&quot;_transform_scale_effect_tablet&quot;:{&quot;unit&quot;:&quot;px&quot;,&quot;size&quot;:&quot;&quot;,&quot;sizes&quot;:[]},&quot;_transform_scale_effect_mobile&quot;:{&quot;unit&quot;:&quot;px&quot;,&quot;size&quot;:&quot;&quot;,&quot;sizes&quot;:[]},&quot;_transform_skewX_effect&quot;:{&quot;unit&quot;:&quot;px&quot;,&quot;size&quot;:&quot;&quot;,&quot;sizes&quot;:[]},&quot;_transform_skewX_effect_tablet&quot;:{&quot;unit&quot;:&quot;deg&quot;,&quot;size&quot;:&quot;&quot;,&quot;sizes&quot;:[]},&quot;_transform_skewX_effect_mobile&quot;:{&quot;unit&quot;:&quot;deg&quot;,&quot;size&quot;:&quot;&quot;,&quot;sizes&quot;:[]},&quot;_transform_skewY_effect&quot;:{&quot;unit&quot;:&quot;px&quot;,&quot;size&quot;:&quot;&quot;,&quot;sizes&quot;:[]},&quot;_transform_skewY_effect_tablet&quot;:{&quot;unit&quot;:&quot;deg&quot;,&quot;size&quot;:&quot;&quot;,&quot;sizes&quot;:[]},&quot;_transform_skewY_effect_mobile&quot;:{&quot;unit&quot;:&quot;deg&quot;,&quot;size&quot;:&quot;&quot;,&quot;sizes&quot;:[]}}\" data-widget_type=\"image.default\">\n\t\t\t\t<div class=\"elementor-widget-container\">\n\t\t\t\t\t\t\t\t\t\t\t\t\t\t\t<img fetchpriority=\"high\" decoding=\"async\" width=\"820\" height=\"1200\" src=\"https:\/\/izo.si\/wp-content\/uploads\/2023\/05\/zvezdice.gif\" class=\"attachment-full size-full wp-image-3884\" alt=\"\" \/>\t\t\t\t\t\t\t\t\t\t\t\t\t\t\t<\/div>\n\t\t\t\t<\/div>\n\t\t\t\t\t<\/div>\n\t\t<\/div>\n\t\t\t\t\t<\/div>\n\t\t<\/section>\n\t\t\t\t\t<\/div>\n\t\t<\/div>\n\t\t\t\t\t<\/div>\n\t\t<\/section>\n\t\t\t\t<section class=\"elementor-section elementor-top-section elementor-element elementor-element-7a944218 elementor-section-boxed elementor-section-height-default elementor-section-height-default\" data-id=\"7a944218\" data-element_type=\"section\">\n\t\t\t\t\t\t<div class=\"elementor-container elementor-column-gap-default\">\n\t\t\t\t\t<div class=\"elementor-column elementor-col-100 elementor-top-column elementor-element elementor-element-290af5ef\" data-id=\"290af5ef\" data-element_type=\"column\">\n\t\t\t<div class=\"elementor-widget-wrap elementor-element-populated\">\n\t\t\t\t\t\t<div class=\"elementor-element elementor-element-4963413c elementor-widget elementor-widget-google_maps\" data-id=\"4963413c\" data-element_type=\"widget\" data-widget_type=\"google_maps.default\">\n\t\t\t\t<div class=\"elementor-widget-container\">\n\t\t\t\t\t\t\t<div class=\"elementor-custom-embed\">\n\t\t\t<iframe loading=\"lazy\"\n\t\t\t\t\tsrc=\"https:\/\/maps.google.com\/maps?q=46.049374%2C%2014.503868&#038;t=m&#038;z=16&#038;output=embed&#038;iwloc=near\"\n\t\t\t\t\ttitle=\"46.049374, 14.503868\"\n\t\t\t\t\taria-label=\"46.049374, 14.503868\"\n\t\t\t><\/iframe>\n\t\t<\/div>\n\t\t\t\t\t\t<\/div>\n\t\t\t\t<\/div>\n\t\t\t\t\t<\/div>\n\t\t<\/div>\n\t\t\t\t\t<\/div>\n\t\t<\/section>\n\t\t\t\t<section class=\"elementor-section elementor-top-section elementor-element elementor-element-5bd420f1 elementor-section-boxed elementor-section-height-default elementor-section-height-default\" data-id=\"5bd420f1\" data-element_type=\"section\">\n\t\t\t\t\t\t<div class=\"elementor-container elementor-column-gap-default\">\n\t\t\t\t\t<div class=\"elementor-column elementor-col-100 elementor-top-column elementor-element elementor-element-1c6bfc54\" data-id=\"1c6bfc54\" data-element_type=\"column\">\n\t\t\t<div class=\"elementor-widget-wrap elementor-element-populated\">\n\t\t\t\t\t\t<div class=\"elementor-element elementor-element-4699461e elementor-widget elementor-widget-text-editor\" data-id=\"4699461e\" data-element_type=\"widget\" data-widget_type=\"text-editor.default\">\n\t\t\t\t<div class=\"elementor-widget-container\">\n\t\t\t\t\t\t\t\t\t<p>(1) Kadaverugu, R., Lama, S., Purohit, V., Mopati, S., Matli, C., Biniwale, B., 2022. Potential of Green Roofs in Heat Stress Mitigation\u2014A Case of Nagpur City. Innovative Trends in Hydrological and Environmental Systems. Lecture Notes in Civil Engineering, 234, str. 367\u2013383. DOI:10.1007\/978-981-19-0304-5_27.<br \/>(2) Feitosa, R. C., Wilkinson, S. J., 2018. Attenuating heat stress through green roof and green wall retrofit. Building and Environment, 140, str. 11\u201322. DOI: 10.1016\/j.buildenv.2018.05.034<br \/>(3) Aram, F., Higueras Garc\u00eda, E., Solgi, E., Mansournia, S., 2015. Impact of climate change on urban heat island effect and extreme temperatures: a case-study. Quarterly Journal of the Royal Meteorological Society, 142, 694, str. 172\u2013186. DOI: https:\/\/doi.org\/10.1016\/j.heliyon.2019.e01339 <br \/>(4) https:\/\/www.ljubljana.si\/sl\/moja-ljubljana\/ljubljana-zate\/pregled-vseh-projektov\/javne-zelene-povrsine-vecje\/<\/p>\t\t\t\t\t\t\t\t<\/div>\n\t\t\t\t<\/div>\n\t\t\t\t\t<\/div>\n\t\t<\/div>\n\t\t\t\t\t<\/div>\n\t\t<\/section>\n\t\t\t\t<section class=\"elementor-section elementor-top-section elementor-element elementor-element-314f4fc4 elementor-section-boxed elementor-section-height-default elementor-section-height-default\" data-id=\"314f4fc4\" data-element_type=\"section\">\n\t\t\t\t\t\t<div class=\"elementor-container elementor-column-gap-default\">\n\t\t\t\t\t<div class=\"elementor-column elementor-col-50 elementor-top-column elementor-element elementor-element-551b0808\" data-id=\"551b0808\" data-element_type=\"column\">\n\t\t\t<div class=\"elementor-widget-wrap elementor-element-populated\">\n\t\t\t\t\t\t<div class=\"elementor-element elementor-element-73efd675 elementor-widget elementor-widget-image\" data-id=\"73efd675\" data-element_type=\"widget\" data-widget_type=\"image.default\">\n\t\t\t\t<div class=\"elementor-widget-container\">\n\t\t\t\t\t\t\t\t\t\t\t\t\t\t\t<img decoding=\"async\" width=\"300\" height=\"159\" src=\"https:\/\/izo.si\/wp-content\/uploads\/2022\/09\/IZO_logo.svg\" class=\"attachment-medium size-medium wp-image-3273\" alt=\"\" \/>\t\t\t\t\t\t\t\t\t\t\t\t\t\t\t<\/div>\n\t\t\t\t<\/div>\n\t\t\t\t\t<\/div>\n\t\t<\/div>\n\t\t\t\t<div class=\"elementor-column elementor-col-50 elementor-top-column elementor-element elementor-element-74507639\" data-id=\"74507639\" data-element_type=\"column\">\n\t\t\t<div class=\"elementor-widget-wrap elementor-element-populated\">\n\t\t\t\t\t\t<div class=\"elementor-element elementor-element-ae61b61 elementor-widget elementor-widget-image\" data-id=\"ae61b61\" data-element_type=\"widget\" data-widget_type=\"image.default\">\n\t\t\t\t<div class=\"elementor-widget-container\">\n\t\t\t\t\t\t\t\t\t\t\t\t\t\t\t<img decoding=\"async\" width=\"300\" height=\"139\" src=\"https:\/\/izo.si\/wp-content\/uploads\/2023\/04\/Screen-Shot-2023-04-18-at-10.21.11-300x139.png\" class=\"attachment-medium size-medium wp-image-3531\" alt=\"\" srcset=\"https:\/\/izo.si\/wp-content\/uploads\/2023\/04\/Screen-Shot-2023-04-18-at-10.21.11-300x139.png 300w, https:\/\/izo.si\/wp-content\/uploads\/2023\/04\/Screen-Shot-2023-04-18-at-10.21.11-768x355.png 768w, https:\/\/izo.si\/wp-content\/uploads\/2023\/04\/Screen-Shot-2023-04-18-at-10.21.11.png 772w\" sizes=\"(max-width: 300px) 100vw, 300px\" \/>\t\t\t\t\t\t\t\t\t\t\t\t\t\t\t<\/div>\n\t\t\t\t<\/div>\n\t\t\t\t\t<\/div>\n\t\t<\/div>\n\t\t\t\t\t<\/div>\n\t\t<\/section>\n\t\t\t\t<\/div>","protected":false},"excerpt":{"rendered":"<p>Ljubljanski ledenik: zelene povr\u0161ine Zelene povr\u0161ine so za bla\u017eenje mestnega toplotnega otoka in zmanj\u0161evanje vro\u010dinskega stresa organizmov izrednega pomena. A za kaj sploh gre? Za hladilni u\u010dinek mestnih zelenih povr\u0161in niso zaslu\u017ene le kro\u0161nje dreves, ki ponujajo prijetno senco. Gre za kompleksnej\u0161i pojav, pri katerem zelene povr\u0161ine zmanj\u0161ujejo dele\u017e son\u010dne energije, ki se pretvori v [&hellip;]<\/p>","protected":false},"author":9,"featured_media":0,"parent":0,"menu_order":0,"comment_status":"closed","ping_status":"closed","template":"","meta":{"_monsterinsights_skip_tracking":false,"_monsterinsights_sitenote_active":false,"_monsterinsights_sitenote_note":"","_monsterinsights_sitenote_category":0,"_uf_show_specific_survey":0,"_uf_disable_surveys":false,"footnotes":""},"class_list":["post-3882","page","type-page","status-publish","hentry"],"aioseo_notices":[],"yoast_head":"<!-- This site is optimized with the Yoast SEO plugin v24.5 - https:\/\/yoast.com\/wordpress\/plugins\/seo\/ -->\n<title>Zelene povr\u0161ine - IZO<\/title>\n<meta name=\"robots\" content=\"index, follow, max-snippet:-1, max-image-preview:large, max-video-preview:-1\" \/>\n<link rel=\"canonical\" href=\"https:\/\/izo.si\/en\/zelene-povrsine\/\" \/>\n<meta property=\"og:locale\" content=\"en_GB\" \/>\n<meta property=\"og:type\" content=\"article\" \/>\n<meta property=\"og:title\" content=\"Zelene povr\u0161ine - IZO\" \/>\n<meta property=\"og:description\" content=\"Ljubljanski ledenik: zelene povr\u0161ine Zelene povr\u0161ine so za bla\u017eenje mestnega toplotnega otoka in zmanj\u0161evanje vro\u010dinskega stresa organizmov izrednega pomena. A za kaj sploh gre? Za hladilni u\u010dinek mestnih zelenih povr\u0161in niso zaslu\u017ene le kro\u0161nje dreves, ki ponujajo prijetno senco. Gre za kompleksnej\u0161i pojav, pri katerem zelene povr\u0161ine zmanj\u0161ujejo dele\u017e son\u010dne energije, ki se pretvori v [&hellip;]\" \/>\n<meta property=\"og:url\" content=\"https:\/\/izo.si\/en\/zelene-povrsine\/\" \/>\n<meta property=\"og:site_name\" content=\"IZO\" \/>\n<meta property=\"article:modified_time\" content=\"2023-06-16T09:38:59+00:00\" \/>\n<meta property=\"og:image\" content=\"https:\/\/izo.si\/wp-content\/uploads\/2023\/05\/zvezdice.gif\" \/>\n<meta name=\"twitter:card\" content=\"summary_large_image\" \/>\n<meta name=\"twitter:label1\" content=\"Estimated reading time\" \/>\n\t<meta name=\"twitter:data1\" content=\"3 minutes\" \/>\n<script type=\"application\/ld+json\" class=\"yoast-schema-graph\">{\"@context\":\"https:\/\/schema.org\",\"@graph\":[{\"@type\":\"WebPage\",\"@id\":\"https:\/\/izo.si\/zelene-povrsine\/\",\"url\":\"https:\/\/izo.si\/zelene-povrsine\/\",\"name\":\"Zelene povr\u0161ine - IZO\",\"isPartOf\":{\"@id\":\"https:\/\/izo.si\/#website\"},\"primaryImageOfPage\":{\"@id\":\"https:\/\/izo.si\/zelene-povrsine\/#primaryimage\"},\"image\":{\"@id\":\"https:\/\/izo.si\/zelene-povrsine\/#primaryimage\"},\"thumbnailUrl\":\"https:\/\/izo.si\/wp-content\/uploads\/2023\/05\/zvezdice.gif\",\"datePublished\":\"2023-05-26T08:35:52+00:00\",\"dateModified\":\"2023-06-16T09:38:59+00:00\",\"breadcrumb\":{\"@id\":\"https:\/\/izo.si\/zelene-povrsine\/#breadcrumb\"},\"inLanguage\":\"en-GB\",\"potentialAction\":[{\"@type\":\"ReadAction\",\"target\":[\"https:\/\/izo.si\/zelene-povrsine\/\"]}]},{\"@type\":\"ImageObject\",\"inLanguage\":\"en-GB\",\"@id\":\"https:\/\/izo.si\/zelene-povrsine\/#primaryimage\",\"url\":\"https:\/\/izo.si\/wp-content\/uploads\/2023\/05\/zvezdice.gif\",\"contentUrl\":\"https:\/\/izo.si\/wp-content\/uploads\/2023\/05\/zvezdice.gif\"},{\"@type\":\"BreadcrumbList\",\"@id\":\"https:\/\/izo.si\/zelene-povrsine\/#breadcrumb\",\"itemListElement\":[{\"@type\":\"ListItem\",\"position\":1,\"name\":\"Home\",\"item\":\"https:\/\/izo.si\/\"},{\"@type\":\"ListItem\",\"position\":2,\"name\":\"Zelene povr\u0161ine\"}]},{\"@type\":\"WebSite\",\"@id\":\"https:\/\/izo.si\/#website\",\"url\":\"https:\/\/izo.si\/\",\"name\":\"IZO\",\"description\":\"In\u0161titut za zdravje in okolje\",\"publisher\":{\"@id\":\"https:\/\/izo.si\/#organization\"},\"potentialAction\":[{\"@type\":\"SearchAction\",\"target\":{\"@type\":\"EntryPoint\",\"urlTemplate\":\"https:\/\/izo.si\/?s={search_term_string}\"},\"query-input\":{\"@type\":\"PropertyValueSpecification\",\"valueRequired\":true,\"valueName\":\"search_term_string\"}}],\"inLanguage\":\"en-GB\"},{\"@type\":\"Organization\",\"@id\":\"https:\/\/izo.si\/#organization\",\"name\":\"IZO\",\"url\":\"https:\/\/izo.si\/\",\"logo\":{\"@type\":\"ImageObject\",\"inLanguage\":\"en-GB\",\"@id\":\"https:\/\/izo.si\/#\/schema\/logo\/image\/\",\"url\":\"https:\/\/izo.si\/wp-content\/uploads\/2021\/01\/izo-logo@2x.png\",\"contentUrl\":\"https:\/\/izo.si\/wp-content\/uploads\/2021\/01\/izo-logo@2x.png\",\"width\":262,\"height\":139,\"caption\":\"IZO\"},\"image\":{\"@id\":\"https:\/\/izo.si\/#\/schema\/logo\/image\/\"}}]}<\/script>\n<!-- \/ Yoast SEO plugin. -->","yoast_head_json":{"title":"Zelene povr\u0161ine - IZO","robots":{"index":"index","follow":"follow","max-snippet":"max-snippet:-1","max-image-preview":"max-image-preview:large","max-video-preview":"max-video-preview:-1"},"canonical":"https:\/\/izo.si\/en\/zelene-povrsine\/","og_locale":"en_GB","og_type":"article","og_title":"Zelene povr\u0161ine - IZO","og_description":"Ljubljanski ledenik: zelene povr\u0161ine Zelene povr\u0161ine so za bla\u017eenje mestnega toplotnega otoka in zmanj\u0161evanje vro\u010dinskega stresa organizmov izrednega pomena. A za kaj sploh gre? Za hladilni u\u010dinek mestnih zelenih povr\u0161in niso zaslu\u017ene le kro\u0161nje dreves, ki ponujajo prijetno senco. Gre za kompleksnej\u0161i pojav, pri katerem zelene povr\u0161ine zmanj\u0161ujejo dele\u017e son\u010dne energije, ki se pretvori v [&hellip;]","og_url":"https:\/\/izo.si\/en\/zelene-povrsine\/","og_site_name":"IZO","article_modified_time":"2023-06-16T09:38:59+00:00","og_image":[{"url":"https:\/\/izo.si\/wp-content\/uploads\/2023\/05\/zvezdice.gif","type":"","width":"","height":""}],"twitter_card":"summary_large_image","twitter_misc":{"Estimated reading time":"3 minutes"},"schema":{"@context":"https:\/\/schema.org","@graph":[{"@type":"WebPage","@id":"https:\/\/izo.si\/zelene-povrsine\/","url":"https:\/\/izo.si\/zelene-povrsine\/","name":"Zelene povr\u0161ine - IZO","isPartOf":{"@id":"https:\/\/izo.si\/#website"},"primaryImageOfPage":{"@id":"https:\/\/izo.si\/zelene-povrsine\/#primaryimage"},"image":{"@id":"https:\/\/izo.si\/zelene-povrsine\/#primaryimage"},"thumbnailUrl":"https:\/\/izo.si\/wp-content\/uploads\/2023\/05\/zvezdice.gif","datePublished":"2023-05-26T08:35:52+00:00","dateModified":"2023-06-16T09:38:59+00:00","breadcrumb":{"@id":"https:\/\/izo.si\/zelene-povrsine\/#breadcrumb"},"inLanguage":"en-GB","potentialAction":[{"@type":"ReadAction","target":["https:\/\/izo.si\/zelene-povrsine\/"]}]},{"@type":"ImageObject","inLanguage":"en-GB","@id":"https:\/\/izo.si\/zelene-povrsine\/#primaryimage","url":"https:\/\/izo.si\/wp-content\/uploads\/2023\/05\/zvezdice.gif","contentUrl":"https:\/\/izo.si\/wp-content\/uploads\/2023\/05\/zvezdice.gif"},{"@type":"BreadcrumbList","@id":"https:\/\/izo.si\/zelene-povrsine\/#breadcrumb","itemListElement":[{"@type":"ListItem","position":1,"name":"Home","item":"https:\/\/izo.si\/"},{"@type":"ListItem","position":2,"name":"Zelene povr\u0161ine"}]},{"@type":"WebSite","@id":"https:\/\/izo.si\/#website","url":"https:\/\/izo.si\/","name":"IZO","description":"Institute for Health and Environment","publisher":{"@id":"https:\/\/izo.si\/#organization"},"potentialAction":[{"@type":"SearchAction","target":{"@type":"EntryPoint","urlTemplate":"https:\/\/izo.si\/?s={search_term_string}"},"query-input":{"@type":"PropertyValueSpecification","valueRequired":true,"valueName":"search_term_string"}}],"inLanguage":"en-GB"},{"@type":"Organization","@id":"https:\/\/izo.si\/#organization","name":"IZO","url":"https:\/\/izo.si\/","logo":{"@type":"ImageObject","inLanguage":"en-GB","@id":"https:\/\/izo.si\/#\/schema\/logo\/image\/","url":"https:\/\/izo.si\/wp-content\/uploads\/2021\/01\/izo-logo@2x.png","contentUrl":"https:\/\/izo.si\/wp-content\/uploads\/2021\/01\/izo-logo@2x.png","width":262,"height":139,"caption":"IZO"},"image":{"@id":"https:\/\/izo.si\/#\/schema\/logo\/image\/"}}]}},"_links":{"self":[{"href":"https:\/\/izo.si\/en\/wp-json\/wp\/v2\/pages\/3882","targetHints":{"allow":["GET"]}}],"collection":[{"href":"https:\/\/izo.si\/en\/wp-json\/wp\/v2\/pages"}],"about":[{"href":"https:\/\/izo.si\/en\/wp-json\/wp\/v2\/types\/page"}],"author":[{"embeddable":true,"href":"https:\/\/izo.si\/en\/wp-json\/wp\/v2\/users\/9"}],"replies":[{"embeddable":true,"href":"https:\/\/izo.si\/en\/wp-json\/wp\/v2\/comments?post=3882"}],"version-history":[{"count":15,"href":"https:\/\/izo.si\/en\/wp-json\/wp\/v2\/pages\/3882\/revisions"}],"predecessor-version":[{"id":4229,"href":"https:\/\/izo.si\/en\/wp-json\/wp\/v2\/pages\/3882\/revisions\/4229"}],"wp:attachment":[{"href":"https:\/\/izo.si\/en\/wp-json\/wp\/v2\/media?parent=3882"}],"curies":[{"name":"wp","href":"https:\/\/api.w.org\/{rel}","templated":true}]}}