{"id":3865,"date":"2023-05-26T10:19:51","date_gmt":"2023-05-26T08:19:51","guid":{"rendered":"https:\/\/izo.si\/?page_id=3865"},"modified":"2023-06-16T11:36:56","modified_gmt":"2023-06-16T09:36:56","slug":"mestni-toplotni-otok","status":"publish","type":"page","link":"https:\/\/izo.si\/en\/mestni-toplotni-otok\/","title":{"rendered":"Urban heat island"},"content":{"rendered":"<div data-elementor-type=\"wp-page\" data-elementor-id=\"3865\" class=\"elementor elementor-3865\">\n\t\t\t\t\t\t<section class=\"elementor-section elementor-top-section elementor-element elementor-element-7fa4ac43 elementor-section-boxed elementor-section-height-default elementor-section-height-default\" data-id=\"7fa4ac43\" data-element_type=\"section\">\n\t\t\t\t\t\t<div class=\"elementor-container elementor-column-gap-default\">\n\t\t\t\t\t<div class=\"elementor-column elementor-col-100 elementor-top-column elementor-element elementor-element-cf8103f\" data-id=\"cf8103f\" data-element_type=\"column\">\n\t\t\t<div class=\"elementor-widget-wrap elementor-element-populated\">\n\t\t\t\t\t\t<div class=\"elementor-element elementor-element-100adcaf elementor-headline--style-highlight elementor-widget elementor-widget-animated-headline\" data-id=\"100adcaf\" data-element_type=\"widget\" data-settings=\"{&quot;marker&quot;:&quot;double_underline&quot;,&quot;highlighted_text&quot;:&quot;mestni toplotni otok&quot;,&quot;highlight_animation_duration&quot;:1400,&quot;headline_style&quot;:&quot;highlight&quot;}\" data-widget_type=\"animated-headline.default\">\n\t\t\t\t<div class=\"elementor-widget-container\">\n\t\t\t\t\t\t\t<h3 class=\"elementor-headline\">\n\t\t\t\t\t<span class=\"elementor-headline-plain-text elementor-headline-text-wrapper\">Ljubljana Glacier: <\/span>\n\t\t\t\t<span class=\"elementor-headline-dynamic-wrapper elementor-headline-text-wrapper\">\n\t\t\t\t\t<span class=\"elementor-headline-dynamic-text elementor-headline-text-active\">urban heat island<\/span>\n\t\t\t\t<\/span>\n\t\t\t\t<\/h3>\n\t\t\t\t\t\t<\/div>\n\t\t\t\t<\/div>\n\t\t\t\t\t<\/div>\n\t\t<\/div>\n\t\t\t\t\t<\/div>\n\t\t<\/section>\n\t\t\t\t<section class=\"elementor-section elementor-top-section elementor-element elementor-element-3fd8e969 elementor-section-boxed elementor-section-height-default elementor-section-height-default\" data-id=\"3fd8e969\" data-element_type=\"section\">\n\t\t\t\t\t\t<div class=\"elementor-container elementor-column-gap-default\">\n\t\t\t\t\t<div class=\"elementor-column elementor-col-100 elementor-top-column elementor-element elementor-element-76e44140\" data-id=\"76e44140\" data-element_type=\"column\">\n\t\t\t<div class=\"elementor-widget-wrap elementor-element-populated\">\n\t\t\t\t\t\t<section class=\"elementor-section elementor-inner-section elementor-element elementor-element-363ddf5a elementor-section-boxed elementor-section-height-default elementor-section-height-default\" data-id=\"363ddf5a\" data-element_type=\"section\">\n\t\t\t\t\t\t<div class=\"elementor-container elementor-column-gap-default\">\n\t\t\t\t\t<div class=\"elementor-column elementor-col-50 elementor-inner-column elementor-element elementor-element-99d48ab\" data-id=\"99d48ab\" data-element_type=\"column\">\n\t\t\t<div class=\"elementor-widget-wrap elementor-element-populated\">\n\t\t\t\t\t\t<div class=\"elementor-element elementor-element-bb9a177 elementor-widget elementor-widget-text-editor\" data-id=\"bb9a177\" data-element_type=\"widget\" data-widget_type=\"text-editor.default\">\n\t\t\t\t<div class=\"elementor-widget-container\">\n\t\t\t\t\t\t\t\t\t<p><span style=\"font-weight: 400;\">The area surrounding the main railway and bus station is one of the largest travel hubs in Ljubljana, where people commute to the city daily for work, leisure activities, and more.\u00a0<\/span><\/p><p><span style=\"font-weight: 400;\">During the warmer months, this area manifests as one of the most scorching zones within the Ljubljana <\/span><b>urban heat island<\/b><span style=\"font-weight: 400;\"> (1). This phenomenon arises from the prevalence of developed spaces and the scarcity of green areas like parks, lawns, and tree-lined avenues. Consequently, the urban environment absorbs more heat than its surrounding outskirts, reaching its pinnacle during the hottest periods of the day and lingering well into the night, as the city cools down much more slowly compared to its surroundings.\u00a0<\/span><\/p><p><span style=\"font-weight: 400;\">This phenomenon has diverse effects on human life and activities. Higher temperatures cause thermal stress on living organisms. The urban heat island intensifies the need for cooling, resulting in increased energy consumption and higher greenhouse gas emissions that contribute to climate change. As a result, the intensity of heat waves within urban heat islands is affected (2, 3).<\/span><\/p><p><i><span style=\"font-weight: 400;\">The Ljubljanski ledenik (Ljubljana Glacier) project is an initiative dedicated to raising awareness about the significance, impact, and protection against heat waves. Discover more valuable content on posters strategically placed throughout the city centre and by visiting the following <\/span><\/i><strong><a href=\"https:\/\/izo.si\/en\/ll-ljubljanski-ledenik\/\"><i>link<\/i><\/a><\/strong><i><span style=\"font-weight: 400;\">. The project is co-funded by the Municipality of Ljubljana.<\/span><\/i><\/p>\t\t\t\t\t\t\t\t<\/div>\n\t\t\t\t<\/div>\n\t\t\t\t\t<\/div>\n\t\t<\/div>\n\t\t\t\t<div class=\"elementor-column elementor-col-50 elementor-inner-column elementor-element elementor-element-5efe618f\" data-id=\"5efe618f\" data-element_type=\"column\">\n\t\t\t<div class=\"elementor-widget-wrap elementor-element-populated\">\n\t\t\t\t\t\t<div class=\"elementor-element elementor-element-28dd2c0a e-transform e-transform elementor-widget elementor-widget-image\" data-id=\"28dd2c0a\" data-element_type=\"widget\" data-settings=\"{&quot;_transform_scale_effect&quot;:{&quot;unit&quot;:&quot;px&quot;,&quot;size&quot;:1,&quot;sizes&quot;:[]},&quot;_transform_scale_effect_tablet&quot;:{&quot;unit&quot;:&quot;px&quot;,&quot;size&quot;:&quot;&quot;,&quot;sizes&quot;:[]},&quot;_transform_scale_effect_mobile&quot;:{&quot;unit&quot;:&quot;px&quot;,&quot;size&quot;:&quot;&quot;,&quot;sizes&quot;:[]},&quot;_transform_skewX_effect&quot;:{&quot;unit&quot;:&quot;px&quot;,&quot;size&quot;:&quot;&quot;,&quot;sizes&quot;:[]},&quot;_transform_skewX_effect_tablet&quot;:{&quot;unit&quot;:&quot;deg&quot;,&quot;size&quot;:&quot;&quot;,&quot;sizes&quot;:[]},&quot;_transform_skewX_effect_mobile&quot;:{&quot;unit&quot;:&quot;deg&quot;,&quot;size&quot;:&quot;&quot;,&quot;sizes&quot;:[]},&quot;_transform_skewY_effect&quot;:{&quot;unit&quot;:&quot;px&quot;,&quot;size&quot;:&quot;&quot;,&quot;sizes&quot;:[]},&quot;_transform_skewY_effect_tablet&quot;:{&quot;unit&quot;:&quot;deg&quot;,&quot;size&quot;:&quot;&quot;,&quot;sizes&quot;:[]},&quot;_transform_skewY_effect_mobile&quot;:{&quot;unit&quot;:&quot;deg&quot;,&quot;size&quot;:&quot;&quot;,&quot;sizes&quot;:[]}}\" data-widget_type=\"image.default\">\n\t\t\t\t<div class=\"elementor-widget-container\">\n\t\t\t\t\t\t\t\t\t\t\t\t\t\t\t<img fetchpriority=\"high\" decoding=\"async\" width=\"820\" height=\"1200\" src=\"https:\/\/izo.si\/wp-content\/uploads\/2023\/05\/postaja.gif\" class=\"attachment-full size-full wp-image-3870\" alt=\"\" \/>\t\t\t\t\t\t\t\t\t\t\t\t\t\t\t<\/div>\n\t\t\t\t<\/div>\n\t\t\t\t\t<\/div>\n\t\t<\/div>\n\t\t\t\t\t<\/div>\n\t\t<\/section>\n\t\t\t\t\t<\/div>\n\t\t<\/div>\n\t\t\t\t\t<\/div>\n\t\t<\/section>\n\t\t\t\t<section class=\"elementor-section elementor-top-section elementor-element elementor-element-3080a5d0 elementor-section-boxed elementor-section-height-default elementor-section-height-default\" data-id=\"3080a5d0\" data-element_type=\"section\">\n\t\t\t\t\t\t<div class=\"elementor-container elementor-column-gap-default\">\n\t\t\t\t\t<div class=\"elementor-column elementor-col-100 elementor-top-column elementor-element elementor-element-1793a1c9\" data-id=\"1793a1c9\" data-element_type=\"column\">\n\t\t\t<div class=\"elementor-widget-wrap elementor-element-populated\">\n\t\t\t\t\t\t<div class=\"elementor-element elementor-element-290b3399 elementor-widget elementor-widget-google_maps\" data-id=\"290b3399\" data-element_type=\"widget\" data-widget_type=\"google_maps.default\">\n\t\t\t\t<div class=\"elementor-widget-container\">\n\t\t\t\t\t\t\t<div class=\"elementor-custom-embed\">\n\t\t\t<iframe loading=\"lazy\"\n\t\t\t\t\tsrc=\"https:\/\/maps.google.com\/maps?q=46.058217%2C%2014.512625&#038;t=m&#038;z=16&#038;output=embed&#038;iwloc=near\"\n\t\t\t\t\ttitle=\"46.058217, 14.512625\"\n\t\t\t\t\taria-label=\"46.058217, 14.512625\"\n\t\t\t><\/iframe>\n\t\t<\/div>\n\t\t\t\t\t\t<\/div>\n\t\t\t\t<\/div>\n\t\t\t\t\t<\/div>\n\t\t<\/div>\n\t\t\t\t\t<\/div>\n\t\t<\/section>\n\t\t\t\t<section class=\"elementor-section elementor-top-section elementor-element elementor-element-5abef0a5 elementor-section-boxed elementor-section-height-default elementor-section-height-default\" data-id=\"5abef0a5\" data-element_type=\"section\">\n\t\t\t\t\t\t<div class=\"elementor-container elementor-column-gap-default\">\n\t\t\t\t\t<div class=\"elementor-column elementor-col-100 elementor-top-column elementor-element elementor-element-117dc7e4\" data-id=\"117dc7e4\" data-element_type=\"column\">\n\t\t\t<div class=\"elementor-widget-wrap elementor-element-populated\">\n\t\t\t\t\t\t<div class=\"elementor-element elementor-element-29a9f85b elementor-widget elementor-widget-text-editor\" data-id=\"29a9f85b\" data-element_type=\"widget\" data-widget_type=\"text-editor.default\">\n\t\t\t\t<div class=\"elementor-widget-container\">\n\t\t\t\t\t\t\t\t\t<p>(1) Komac, B., Cigli\u010d, R., Loose, A., Pav\u0161ek, M., \u010cermelj, S., O\u0161tir, K., Kokalj, \u017d., Topole, M., 2016. Urban Heat Island in the Ljubljana City. V: Musco, F. (ur.). Counteracting Urban Heat Island Effects in a Global Climate Change Scenario. Singapur: Springer., str. 223\u2013344. DOI: 10.1007\/978-3-319-10425-6_12<br \/>(2) United States Environmental Protection Agency, 2023. Heat Islands. URL: https:\/\/www.epa.gov\/heatislands\/heat-island-impacts#water (citrano 6. 4. 2023).<br \/>(3) Sachindra, D. A., Muthukumaran, A. W. M. Ng, S., Perera, B. J. C. Impact of climate change on urban heat island effect and extreme temperatures: a case-study. Quarterly Journal of the Royal Meteorological Society, 142, 694, str. 172\u2013186. DOI: 10.1002\/qj.2642<\/p>\t\t\t\t\t\t\t\t<\/div>\n\t\t\t\t<\/div>\n\t\t\t\t\t<\/div>\n\t\t<\/div>\n\t\t\t\t\t<\/div>\n\t\t<\/section>\n\t\t\t\t<section class=\"elementor-section elementor-top-section elementor-element elementor-element-5bf499ea elementor-section-boxed elementor-section-height-default elementor-section-height-default\" data-id=\"5bf499ea\" data-element_type=\"section\">\n\t\t\t\t\t\t<div class=\"elementor-container elementor-column-gap-default\">\n\t\t\t\t\t<div class=\"elementor-column elementor-col-50 elementor-top-column elementor-element elementor-element-299514d9\" data-id=\"299514d9\" data-element_type=\"column\">\n\t\t\t<div class=\"elementor-widget-wrap elementor-element-populated\">\n\t\t\t\t\t\t<div class=\"elementor-element elementor-element-2a7d4dd0 elementor-widget elementor-widget-image\" data-id=\"2a7d4dd0\" data-element_type=\"widget\" data-widget_type=\"image.default\">\n\t\t\t\t<div class=\"elementor-widget-container\">\n\t\t\t\t\t\t\t\t\t\t\t\t\t\t\t<img decoding=\"async\" width=\"300\" height=\"159\" src=\"https:\/\/izo.si\/wp-content\/uploads\/2022\/09\/IZO_logo.svg\" class=\"attachment-medium size-medium wp-image-3273\" alt=\"\" \/>\t\t\t\t\t\t\t\t\t\t\t\t\t\t\t<\/div>\n\t\t\t\t<\/div>\n\t\t\t\t\t<\/div>\n\t\t<\/div>\n\t\t\t\t<div class=\"elementor-column elementor-col-50 elementor-top-column elementor-element elementor-element-6765ed64\" data-id=\"6765ed64\" data-element_type=\"column\">\n\t\t\t<div class=\"elementor-widget-wrap elementor-element-populated\">\n\t\t\t\t\t\t<div class=\"elementor-element elementor-element-70878fb2 elementor-widget elementor-widget-image\" data-id=\"70878fb2\" data-element_type=\"widget\" data-widget_type=\"image.default\">\n\t\t\t\t<div class=\"elementor-widget-container\">\n\t\t\t\t\t\t\t\t\t\t\t\t\t\t\t<img decoding=\"async\" width=\"300\" height=\"139\" src=\"https:\/\/izo.si\/wp-content\/uploads\/2023\/04\/Screen-Shot-2023-04-18-at-10.21.11-300x139.png\" class=\"attachment-medium size-medium wp-image-3531\" alt=\"\" srcset=\"https:\/\/izo.si\/wp-content\/uploads\/2023\/04\/Screen-Shot-2023-04-18-at-10.21.11-300x139.png 300w, https:\/\/izo.si\/wp-content\/uploads\/2023\/04\/Screen-Shot-2023-04-18-at-10.21.11-768x355.png 768w, https:\/\/izo.si\/wp-content\/uploads\/2023\/04\/Screen-Shot-2023-04-18-at-10.21.11.png 772w\" sizes=\"(max-width: 300px) 100vw, 300px\" \/>\t\t\t\t\t\t\t\t\t\t\t\t\t\t\t<\/div>\n\t\t\t\t<\/div>\n\t\t\t\t\t<\/div>\n\t\t<\/div>\n\t\t\t\t\t<\/div>\n\t\t<\/section>\n\t\t\t\t<\/div>","protected":false},"excerpt":{"rendered":"<p>Ljubljanski ledenik: mestni toplotni otok Obmo\u010dje glavne \u017eelezni\u0161ke in avtobusne postaje je nedvomno eno od najve\u010djih ljubljanskih potovalnih vozli\u0161\u010d ljudi, ki se v mesto dnevno odpravljajo na delo, prosto\u010dasne dejavnosti itd.\u00a0 To obmo\u010dje v toplem delu leta hkrati velja za eno izmed najbolj vro\u010dih to\u010dk ljubljanskega mestnega toplotnega otoka (1). Gre za pojav, pri katerem [&hellip;]<\/p>","protected":false},"author":9,"featured_media":0,"parent":0,"menu_order":0,"comment_status":"closed","ping_status":"closed","template":"","meta":{"_monsterinsights_skip_tracking":false,"_monsterinsights_sitenote_active":false,"_monsterinsights_sitenote_note":"","_monsterinsights_sitenote_category":0,"_uf_show_specific_survey":0,"_uf_disable_surveys":false,"footnotes":""},"class_list":["post-3865","page","type-page","status-publish","hentry"],"aioseo_notices":[],"yoast_head":"<!-- This site is optimized with the Yoast SEO plugin v24.5 - https:\/\/yoast.com\/wordpress\/plugins\/seo\/ -->\n<title>Mestni toplotni otok - IZO<\/title>\n<meta name=\"robots\" content=\"index, follow, max-snippet:-1, max-image-preview:large, max-video-preview:-1\" \/>\n<link rel=\"canonical\" href=\"https:\/\/izo.si\/en\/mestni-toplotni-otok\/\" \/>\n<meta property=\"og:locale\" content=\"en_GB\" \/>\n<meta property=\"og:type\" content=\"article\" \/>\n<meta property=\"og:title\" content=\"Mestni toplotni otok - IZO\" \/>\n<meta property=\"og:description\" content=\"Ljubljanski ledenik: mestni toplotni otok Obmo\u010dje glavne \u017eelezni\u0161ke in avtobusne postaje je nedvomno eno od najve\u010djih ljubljanskih potovalnih vozli\u0161\u010d ljudi, ki se v mesto dnevno odpravljajo na delo, prosto\u010dasne dejavnosti itd.\u00a0 To obmo\u010dje v toplem delu leta hkrati velja za eno izmed najbolj vro\u010dih to\u010dk ljubljanskega mestnega toplotnega otoka (1). Gre za pojav, pri katerem [&hellip;]\" \/>\n<meta property=\"og:url\" content=\"https:\/\/izo.si\/en\/mestni-toplotni-otok\/\" \/>\n<meta property=\"og:site_name\" content=\"IZO\" \/>\n<meta property=\"article:modified_time\" content=\"2023-06-16T09:36:56+00:00\" \/>\n<meta property=\"og:image\" content=\"https:\/\/izo.si\/wp-content\/uploads\/2023\/05\/postaja.gif\" \/>\n<meta name=\"twitter:card\" content=\"summary_large_image\" \/>\n<meta name=\"twitter:label1\" content=\"Estimated reading time\" \/>\n\t<meta name=\"twitter:data1\" content=\"2 minutes\" \/>\n<script type=\"application\/ld+json\" class=\"yoast-schema-graph\">{\"@context\":\"https:\/\/schema.org\",\"@graph\":[{\"@type\":\"WebPage\",\"@id\":\"https:\/\/izo.si\/mestni-toplotni-otok\/\",\"url\":\"https:\/\/izo.si\/mestni-toplotni-otok\/\",\"name\":\"Mestni toplotni otok - IZO\",\"isPartOf\":{\"@id\":\"https:\/\/izo.si\/#website\"},\"primaryImageOfPage\":{\"@id\":\"https:\/\/izo.si\/mestni-toplotni-otok\/#primaryimage\"},\"image\":{\"@id\":\"https:\/\/izo.si\/mestni-toplotni-otok\/#primaryimage\"},\"thumbnailUrl\":\"https:\/\/izo.si\/wp-content\/uploads\/2023\/05\/postaja.gif\",\"datePublished\":\"2023-05-26T08:19:51+00:00\",\"dateModified\":\"2023-06-16T09:36:56+00:00\",\"breadcrumb\":{\"@id\":\"https:\/\/izo.si\/mestni-toplotni-otok\/#breadcrumb\"},\"inLanguage\":\"en-GB\",\"potentialAction\":[{\"@type\":\"ReadAction\",\"target\":[\"https:\/\/izo.si\/mestni-toplotni-otok\/\"]}]},{\"@type\":\"ImageObject\",\"inLanguage\":\"en-GB\",\"@id\":\"https:\/\/izo.si\/mestni-toplotni-otok\/#primaryimage\",\"url\":\"https:\/\/izo.si\/wp-content\/uploads\/2023\/05\/postaja.gif\",\"contentUrl\":\"https:\/\/izo.si\/wp-content\/uploads\/2023\/05\/postaja.gif\"},{\"@type\":\"BreadcrumbList\",\"@id\":\"https:\/\/izo.si\/mestni-toplotni-otok\/#breadcrumb\",\"itemListElement\":[{\"@type\":\"ListItem\",\"position\":1,\"name\":\"Home\",\"item\":\"https:\/\/izo.si\/\"},{\"@type\":\"ListItem\",\"position\":2,\"name\":\"Mestni toplotni otok\"}]},{\"@type\":\"WebSite\",\"@id\":\"https:\/\/izo.si\/#website\",\"url\":\"https:\/\/izo.si\/\",\"name\":\"IZO\",\"description\":\"In\u0161titut za zdravje in okolje\",\"publisher\":{\"@id\":\"https:\/\/izo.si\/#organization\"},\"potentialAction\":[{\"@type\":\"SearchAction\",\"target\":{\"@type\":\"EntryPoint\",\"urlTemplate\":\"https:\/\/izo.si\/?s={search_term_string}\"},\"query-input\":{\"@type\":\"PropertyValueSpecification\",\"valueRequired\":true,\"valueName\":\"search_term_string\"}}],\"inLanguage\":\"en-GB\"},{\"@type\":\"Organization\",\"@id\":\"https:\/\/izo.si\/#organization\",\"name\":\"IZO\",\"url\":\"https:\/\/izo.si\/\",\"logo\":{\"@type\":\"ImageObject\",\"inLanguage\":\"en-GB\",\"@id\":\"https:\/\/izo.si\/#\/schema\/logo\/image\/\",\"url\":\"https:\/\/izo.si\/wp-content\/uploads\/2021\/01\/izo-logo@2x.png\",\"contentUrl\":\"https:\/\/izo.si\/wp-content\/uploads\/2021\/01\/izo-logo@2x.png\",\"width\":262,\"height\":139,\"caption\":\"IZO\"},\"image\":{\"@id\":\"https:\/\/izo.si\/#\/schema\/logo\/image\/\"}}]}<\/script>\n<!-- \/ Yoast SEO plugin. -->","yoast_head_json":{"title":"Mestni toplotni otok - IZO","robots":{"index":"index","follow":"follow","max-snippet":"max-snippet:-1","max-image-preview":"max-image-preview:large","max-video-preview":"max-video-preview:-1"},"canonical":"https:\/\/izo.si\/en\/mestni-toplotni-otok\/","og_locale":"en_GB","og_type":"article","og_title":"Mestni toplotni otok - IZO","og_description":"Ljubljanski ledenik: mestni toplotni otok Obmo\u010dje glavne \u017eelezni\u0161ke in avtobusne postaje je nedvomno eno od najve\u010djih ljubljanskih potovalnih vozli\u0161\u010d ljudi, ki se v mesto dnevno odpravljajo na delo, prosto\u010dasne dejavnosti itd.\u00a0 To obmo\u010dje v toplem delu leta hkrati velja za eno izmed najbolj vro\u010dih to\u010dk ljubljanskega mestnega toplotnega otoka (1). Gre za pojav, pri katerem [&hellip;]","og_url":"https:\/\/izo.si\/en\/mestni-toplotni-otok\/","og_site_name":"IZO","article_modified_time":"2023-06-16T09:36:56+00:00","og_image":[{"url":"https:\/\/izo.si\/wp-content\/uploads\/2023\/05\/postaja.gif","type":"","width":"","height":""}],"twitter_card":"summary_large_image","twitter_misc":{"Estimated reading time":"2 minutes"},"schema":{"@context":"https:\/\/schema.org","@graph":[{"@type":"WebPage","@id":"https:\/\/izo.si\/mestni-toplotni-otok\/","url":"https:\/\/izo.si\/mestni-toplotni-otok\/","name":"Mestni toplotni otok - IZO","isPartOf":{"@id":"https:\/\/izo.si\/#website"},"primaryImageOfPage":{"@id":"https:\/\/izo.si\/mestni-toplotni-otok\/#primaryimage"},"image":{"@id":"https:\/\/izo.si\/mestni-toplotni-otok\/#primaryimage"},"thumbnailUrl":"https:\/\/izo.si\/wp-content\/uploads\/2023\/05\/postaja.gif","datePublished":"2023-05-26T08:19:51+00:00","dateModified":"2023-06-16T09:36:56+00:00","breadcrumb":{"@id":"https:\/\/izo.si\/mestni-toplotni-otok\/#breadcrumb"},"inLanguage":"en-GB","potentialAction":[{"@type":"ReadAction","target":["https:\/\/izo.si\/mestni-toplotni-otok\/"]}]},{"@type":"ImageObject","inLanguage":"en-GB","@id":"https:\/\/izo.si\/mestni-toplotni-otok\/#primaryimage","url":"https:\/\/izo.si\/wp-content\/uploads\/2023\/05\/postaja.gif","contentUrl":"https:\/\/izo.si\/wp-content\/uploads\/2023\/05\/postaja.gif"},{"@type":"BreadcrumbList","@id":"https:\/\/izo.si\/mestni-toplotni-otok\/#breadcrumb","itemListElement":[{"@type":"ListItem","position":1,"name":"Home","item":"https:\/\/izo.si\/"},{"@type":"ListItem","position":2,"name":"Mestni toplotni otok"}]},{"@type":"WebSite","@id":"https:\/\/izo.si\/#website","url":"https:\/\/izo.si\/","name":"IZO","description":"Institute for Health and Environment","publisher":{"@id":"https:\/\/izo.si\/#organization"},"potentialAction":[{"@type":"SearchAction","target":{"@type":"EntryPoint","urlTemplate":"https:\/\/izo.si\/?s={search_term_string}"},"query-input":{"@type":"PropertyValueSpecification","valueRequired":true,"valueName":"search_term_string"}}],"inLanguage":"en-GB"},{"@type":"Organization","@id":"https:\/\/izo.si\/#organization","name":"IZO","url":"https:\/\/izo.si\/","logo":{"@type":"ImageObject","inLanguage":"en-GB","@id":"https:\/\/izo.si\/#\/schema\/logo\/image\/","url":"https:\/\/izo.si\/wp-content\/uploads\/2021\/01\/izo-logo@2x.png","contentUrl":"https:\/\/izo.si\/wp-content\/uploads\/2021\/01\/izo-logo@2x.png","width":262,"height":139,"caption":"IZO"},"image":{"@id":"https:\/\/izo.si\/#\/schema\/logo\/image\/"}}]}},"_links":{"self":[{"href":"https:\/\/izo.si\/en\/wp-json\/wp\/v2\/pages\/3865","targetHints":{"allow":["GET"]}}],"collection":[{"href":"https:\/\/izo.si\/en\/wp-json\/wp\/v2\/pages"}],"about":[{"href":"https:\/\/izo.si\/en\/wp-json\/wp\/v2\/types\/page"}],"author":[{"embeddable":true,"href":"https:\/\/izo.si\/en\/wp-json\/wp\/v2\/users\/9"}],"replies":[{"embeddable":true,"href":"https:\/\/izo.si\/en\/wp-json\/wp\/v2\/comments?post=3865"}],"version-history":[{"count":19,"href":"https:\/\/izo.si\/en\/wp-json\/wp\/v2\/pages\/3865\/revisions"}],"predecessor-version":[{"id":4208,"href":"https:\/\/izo.si\/en\/wp-json\/wp\/v2\/pages\/3865\/revisions\/4208"}],"wp:attachment":[{"href":"https:\/\/izo.si\/en\/wp-json\/wp\/v2\/media?parent=3865"}],"curies":[{"name":"wp","href":"https:\/\/api.w.org\/{rel}","templated":true}]}}