{"id":3783,"date":"2023-05-25T11:51:11","date_gmt":"2023-05-25T09:51:11","guid":{"rendered":"https:\/\/izo.si\/?page_id=3783"},"modified":"2023-06-16T11:30:31","modified_gmt":"2023-06-16T09:30:31","slug":"uvod","status":"publish","type":"page","link":"https:\/\/izo.si\/en\/uvod\/","title":{"rendered":"Introduction"},"content":{"rendered":"<div data-elementor-type=\"wp-page\" data-elementor-id=\"3783\" class=\"elementor elementor-3783\">\n\t\t\t\t\t\t<section class=\"elementor-section elementor-top-section elementor-element elementor-element-f59b36b elementor-section-boxed elementor-section-height-default elementor-section-height-default\" data-id=\"f59b36b\" data-element_type=\"section\">\n\t\t\t\t\t\t<div class=\"elementor-container elementor-column-gap-default\">\n\t\t\t\t\t<div class=\"elementor-column elementor-col-100 elementor-top-column elementor-element elementor-element-c17a3af\" data-id=\"c17a3af\" data-element_type=\"column\">\n\t\t\t<div class=\"elementor-widget-wrap elementor-element-populated\">\n\t\t\t\t\t\t<div class=\"elementor-element elementor-element-5494023 elementor-headline--style-highlight elementor-widget elementor-widget-animated-headline\" data-id=\"5494023\" data-element_type=\"widget\" data-settings=\"{&quot;marker&quot;:&quot;double_underline&quot;,&quot;highlighted_text&quot;:&quot;uvod&quot;,&quot;highlight_animation_duration&quot;:1400,&quot;headline_style&quot;:&quot;highlight&quot;}\" data-widget_type=\"animated-headline.default\">\n\t\t\t\t<div class=\"elementor-widget-container\">\n\t\t\t\t\t\t\t<h3 class=\"elementor-headline\">\n\t\t\t\t\t<span class=\"elementor-headline-plain-text elementor-headline-text-wrapper\">Ljubljana Glacier: <\/span>\n\t\t\t\t<span class=\"elementor-headline-dynamic-wrapper elementor-headline-text-wrapper\">\n\t\t\t\t\t<span class=\"elementor-headline-dynamic-text elementor-headline-text-active\">introduction<\/span>\n\t\t\t\t<\/span>\n\t\t\t\t<\/h3>\n\t\t\t\t\t\t<\/div>\n\t\t\t\t<\/div>\n\t\t\t\t\t<\/div>\n\t\t<\/div>\n\t\t\t\t\t<\/div>\n\t\t<\/section>\n\t\t\t\t<section class=\"elementor-section elementor-top-section elementor-element elementor-element-a41f5ec elementor-section-boxed elementor-section-height-default elementor-section-height-default\" data-id=\"a41f5ec\" data-element_type=\"section\">\n\t\t\t\t\t\t<div class=\"elementor-container elementor-column-gap-default\">\n\t\t\t\t\t<div class=\"elementor-column elementor-col-100 elementor-top-column elementor-element elementor-element-92b29fb\" data-id=\"92b29fb\" data-element_type=\"column\">\n\t\t\t<div class=\"elementor-widget-wrap elementor-element-populated\">\n\t\t\t\t\t\t<section class=\"elementor-section elementor-inner-section elementor-element elementor-element-ae8dcc5 elementor-section-boxed elementor-section-height-default elementor-section-height-default\" data-id=\"ae8dcc5\" data-element_type=\"section\">\n\t\t\t\t\t\t<div class=\"elementor-container elementor-column-gap-default\">\n\t\t\t\t\t<div class=\"elementor-column elementor-col-50 elementor-inner-column elementor-element elementor-element-d193e0d\" data-id=\"d193e0d\" data-element_type=\"column\">\n\t\t\t<div class=\"elementor-widget-wrap elementor-element-populated\">\n\t\t\t\t\t\t<div class=\"elementor-element elementor-element-7d0c466 elementor-widget elementor-widget-text-editor\" data-id=\"7d0c466\" data-element_type=\"widget\" data-widget_type=\"text-editor.default\">\n\t\t\t\t<div class=\"elementor-widget-container\">\n\t\t\t\t\t\t\t\t\t<p><span style=\"font-weight: 400;\">Imagine directing a film where natural disasters take centre stage. If you wanted the film to be a blockbuster, which disaster would you cast in the leading role?<\/span><\/p><p><span style=\"font-weight: 400;\">Although heat waves may not be the most dramatic or spectacular natural disasters, they have the highest fatality rate. In the summer of 2003, over 70,000 people lost their lives in Europe due to extreme heat (1, 2). The number of individuals exposed to heat waves continues to rise each year, with an increase of 125 million people between 2000 and 2016. Moreover, with an ageing population, the vulnerability to heat stress is also growing (2).<\/span><\/p><p><span style=\"font-weight: 400;\">Despite these alarming statistics, there is a silver lining. By adequately preparing for heat waves and implementing appropriate measures during them, we can protect ourselves and others.<\/span><\/p><p><br \/><i><span style=\"font-weight: 400;\">The Ljubljanski ledenik (Ljubljana Glacier) project is an initiative dedicated to raising awareness about the significance, impact, and protection against heat waves. Discover more valuable content on posters strategically placed throughout the city centre and by visiting the following <strong><a href=\"https:\/\/izo.si\/en\/ll-ljubljanski-ledenik\/\">link<\/a><\/strong><\/span><\/i><i><span style=\"font-weight: 400;\">. The project is co-funded by the Municipality of Ljubljana. <\/span><\/i><\/p><p><span style=\"font-weight: 400;\">#surftheheatwave<\/span><\/p>\t\t\t\t\t\t\t\t<\/div>\n\t\t\t\t<\/div>\n\t\t\t\t\t<\/div>\n\t\t<\/div>\n\t\t\t\t<div class=\"elementor-column elementor-col-50 elementor-inner-column elementor-element elementor-element-0bd8587\" data-id=\"0bd8587\" data-element_type=\"column\">\n\t\t\t<div class=\"elementor-widget-wrap elementor-element-populated\">\n\t\t\t\t\t\t<div class=\"elementor-element elementor-element-991cdf3 e-transform e-transform elementor-widget elementor-widget-image\" data-id=\"991cdf3\" data-element_type=\"widget\" data-settings=\"{&quot;_transform_scale_effect&quot;:{&quot;unit&quot;:&quot;px&quot;,&quot;size&quot;:1,&quot;sizes&quot;:[]},&quot;_transform_scale_effect_tablet&quot;:{&quot;unit&quot;:&quot;px&quot;,&quot;size&quot;:&quot;&quot;,&quot;sizes&quot;:[]},&quot;_transform_scale_effect_mobile&quot;:{&quot;unit&quot;:&quot;px&quot;,&quot;size&quot;:&quot;&quot;,&quot;sizes&quot;:[]},&quot;_transform_skewX_effect&quot;:{&quot;unit&quot;:&quot;px&quot;,&quot;size&quot;:&quot;&quot;,&quot;sizes&quot;:[]},&quot;_transform_skewX_effect_tablet&quot;:{&quot;unit&quot;:&quot;deg&quot;,&quot;size&quot;:&quot;&quot;,&quot;sizes&quot;:[]},&quot;_transform_skewX_effect_mobile&quot;:{&quot;unit&quot;:&quot;deg&quot;,&quot;size&quot;:&quot;&quot;,&quot;sizes&quot;:[]},&quot;_transform_skewY_effect&quot;:{&quot;unit&quot;:&quot;px&quot;,&quot;size&quot;:&quot;&quot;,&quot;sizes&quot;:[]},&quot;_transform_skewY_effect_tablet&quot;:{&quot;unit&quot;:&quot;deg&quot;,&quot;size&quot;:&quot;&quot;,&quot;sizes&quot;:[]},&quot;_transform_skewY_effect_mobile&quot;:{&quot;unit&quot;:&quot;deg&quot;,&quot;size&quot;:&quot;&quot;,&quot;sizes&quot;:[]}}\" data-widget_type=\"image.default\">\n\t\t\t\t<div class=\"elementor-widget-container\">\n\t\t\t\t\t\t\t\t\t\t\t\t\t\t\t<img fetchpriority=\"high\" decoding=\"async\" width=\"820\" height=\"1200\" src=\"https:\/\/izo.si\/wp-content\/uploads\/2023\/05\/golob_surf.gif\" class=\"attachment-full size-full wp-image-3940\" alt=\"\" \/>\t\t\t\t\t\t\t\t\t\t\t\t\t\t\t<\/div>\n\t\t\t\t<\/div>\n\t\t\t\t\t<\/div>\n\t\t<\/div>\n\t\t\t\t\t<\/div>\n\t\t<\/section>\n\t\t\t\t\t<\/div>\n\t\t<\/div>\n\t\t\t\t\t<\/div>\n\t\t<\/section>\n\t\t\t\t<section class=\"elementor-section elementor-top-section elementor-element elementor-element-28a2d9c elementor-section-boxed elementor-section-height-default elementor-section-height-default\" data-id=\"28a2d9c\" data-element_type=\"section\">\n\t\t\t\t\t\t<div class=\"elementor-container elementor-column-gap-default\">\n\t\t\t\t\t<div class=\"elementor-column elementor-col-100 elementor-top-column elementor-element elementor-element-e79a853\" data-id=\"e79a853\" data-element_type=\"column\">\n\t\t\t<div class=\"elementor-widget-wrap elementor-element-populated\">\n\t\t\t\t\t\t<div class=\"elementor-element elementor-element-34aaad3 elementor-widget elementor-widget-google_maps\" data-id=\"34aaad3\" data-element_type=\"widget\" data-widget_type=\"google_maps.default\">\n\t\t\t\t<div class=\"elementor-widget-container\">\n\t\t\t\t\t\t\t<div class=\"elementor-custom-embed\">\n\t\t\t<iframe loading=\"lazy\"\n\t\t\t\t\tsrc=\"https:\/\/maps.google.com\/maps?q=46.059400%2C%2014.498107&#038;t=m&#038;z=16&#038;output=embed&#038;iwloc=near\"\n\t\t\t\t\ttitle=\"46.059400, 14.498107\"\n\t\t\t\t\taria-label=\"46.059400, 14.498107\"\n\t\t\t><\/iframe>\n\t\t<\/div>\n\t\t\t\t\t\t<\/div>\n\t\t\t\t<\/div>\n\t\t\t\t\t<\/div>\n\t\t<\/div>\n\t\t\t\t\t<\/div>\n\t\t<\/section>\n\t\t\t\t<section class=\"elementor-section elementor-top-section elementor-element elementor-element-4c951a2 elementor-section-boxed elementor-section-height-default elementor-section-height-default\" data-id=\"4c951a2\" data-element_type=\"section\">\n\t\t\t\t\t\t<div class=\"elementor-container elementor-column-gap-default\">\n\t\t\t\t\t<div class=\"elementor-column elementor-col-100 elementor-top-column elementor-element elementor-element-1bea567\" data-id=\"1bea567\" data-element_type=\"column\">\n\t\t\t<div class=\"elementor-widget-wrap elementor-element-populated\">\n\t\t\t\t\t\t<div class=\"elementor-element elementor-element-4909ef8 elementor-widget elementor-widget-text-editor\" data-id=\"4909ef8\" data-element_type=\"widget\" data-widget_type=\"text-editor.default\">\n\t\t\t\t<div class=\"elementor-widget-container\">\n\t\t\t\t\t\t\t\t\t<p>(1) World Health Organisation, 2018. Heat and Health. URL: https:\/\/www.who.int\/news-room\/fact-sheets\/detail\/climate-change-heat-and-health<br \/>(2) NIJZ, 2022. Svetovni dan zdravja 2022 &#8211; podnebne spremembe: Vro\u010dinski valovi. URL: https:\/\/nijz.si\/moje-okolje\/podnebne-spremembe\/svetovni-dan-zdravja-2022-podnebne-spremembe-vrocinski-valovi-in-zdravje-ljudi\/<\/p>\t\t\t\t\t\t\t\t<\/div>\n\t\t\t\t<\/div>\n\t\t\t\t\t<\/div>\n\t\t<\/div>\n\t\t\t\t\t<\/div>\n\t\t<\/section>\n\t\t\t\t<section class=\"elementor-section elementor-top-section elementor-element elementor-element-b8a925e elementor-section-boxed elementor-section-height-default elementor-section-height-default\" data-id=\"b8a925e\" data-element_type=\"section\">\n\t\t\t\t\t\t<div class=\"elementor-container elementor-column-gap-default\">\n\t\t\t\t\t<div class=\"elementor-column elementor-col-50 elementor-top-column elementor-element elementor-element-6902924\" data-id=\"6902924\" data-element_type=\"column\">\n\t\t\t<div class=\"elementor-widget-wrap elementor-element-populated\">\n\t\t\t\t\t\t<div class=\"elementor-element elementor-element-b084316 elementor-widget elementor-widget-image\" data-id=\"b084316\" data-element_type=\"widget\" data-widget_type=\"image.default\">\n\t\t\t\t<div class=\"elementor-widget-container\">\n\t\t\t\t\t\t\t\t\t\t\t\t\t\t\t<img decoding=\"async\" width=\"300\" height=\"159\" src=\"https:\/\/izo.si\/wp-content\/uploads\/2022\/09\/IZO_logo.svg\" class=\"attachment-medium size-medium wp-image-3273\" alt=\"\" \/>\t\t\t\t\t\t\t\t\t\t\t\t\t\t\t<\/div>\n\t\t\t\t<\/div>\n\t\t\t\t\t<\/div>\n\t\t<\/div>\n\t\t\t\t<div class=\"elementor-column elementor-col-50 elementor-top-column elementor-element elementor-element-461830e\" data-id=\"461830e\" data-element_type=\"column\">\n\t\t\t<div class=\"elementor-widget-wrap elementor-element-populated\">\n\t\t\t\t\t\t<div class=\"elementor-element elementor-element-cd86812 elementor-widget elementor-widget-image\" data-id=\"cd86812\" data-element_type=\"widget\" data-widget_type=\"image.default\">\n\t\t\t\t<div class=\"elementor-widget-container\">\n\t\t\t\t\t\t\t\t\t\t\t\t\t\t\t<img decoding=\"async\" width=\"300\" height=\"139\" src=\"https:\/\/izo.si\/wp-content\/uploads\/2023\/04\/Screen-Shot-2023-04-18-at-10.21.11-300x139.png\" class=\"attachment-medium size-medium wp-image-3531\" alt=\"\" srcset=\"https:\/\/izo.si\/wp-content\/uploads\/2023\/04\/Screen-Shot-2023-04-18-at-10.21.11-300x139.png 300w, https:\/\/izo.si\/wp-content\/uploads\/2023\/04\/Screen-Shot-2023-04-18-at-10.21.11-768x355.png 768w, https:\/\/izo.si\/wp-content\/uploads\/2023\/04\/Screen-Shot-2023-04-18-at-10.21.11.png 772w\" sizes=\"(max-width: 300px) 100vw, 300px\" \/>\t\t\t\t\t\t\t\t\t\t\t\t\t\t\t<\/div>\n\t\t\t\t<\/div>\n\t\t\t\t\t<\/div>\n\t\t<\/div>\n\t\t\t\t\t<\/div>\n\t\t<\/section>\n\t\t\t\t<\/div>","protected":false},"excerpt":{"rendered":"<p>Ljubljanski ledenik: uvod Predstavljajte si, da re\u017eirate film, v katerem kot glavne junakinje nastopajo naravne katastrofe. Kateri bi dali glavno vlogo, \u010de bi \u017eeleli, da film postane uspe\u0161nica? Vro\u010dinski valovi morda niso najbolj dramati\u010dna ali spektakularna naravna nesre\u010da, a izmed vseh terjajo najve\u010d \u017eivljenj. V poletju 2003 je v Evropi zaradi vro\u010dine umrlo ve\u010d kot [&hellip;]<\/p>","protected":false},"author":9,"featured_media":0,"parent":0,"menu_order":0,"comment_status":"closed","ping_status":"closed","template":"","meta":{"_monsterinsights_skip_tracking":false,"_monsterinsights_sitenote_active":false,"_monsterinsights_sitenote_note":"","_monsterinsights_sitenote_category":0,"_uf_show_specific_survey":0,"_uf_disable_surveys":false,"footnotes":""},"class_list":["post-3783","page","type-page","status-publish","hentry"],"aioseo_notices":[],"yoast_head":"<!-- This site is optimized with the Yoast SEO plugin v24.5 - https:\/\/yoast.com\/wordpress\/plugins\/seo\/ -->\n<title>Uvod - IZO<\/title>\n<meta name=\"robots\" content=\"index, follow, max-snippet:-1, max-image-preview:large, max-video-preview:-1\" \/>\n<link rel=\"canonical\" href=\"https:\/\/izo.si\/en\/uvod\/\" \/>\n<meta property=\"og:locale\" content=\"en_GB\" \/>\n<meta property=\"og:type\" content=\"article\" \/>\n<meta property=\"og:title\" content=\"Uvod - IZO\" \/>\n<meta property=\"og:description\" content=\"Ljubljanski ledenik: uvod Predstavljajte si, da re\u017eirate film, v katerem kot glavne junakinje nastopajo naravne katastrofe. Kateri bi dali glavno vlogo, \u010de bi \u017eeleli, da film postane uspe\u0161nica? Vro\u010dinski valovi morda niso najbolj dramati\u010dna ali spektakularna naravna nesre\u010da, a izmed vseh terjajo najve\u010d \u017eivljenj. V poletju 2003 je v Evropi zaradi vro\u010dine umrlo ve\u010d kot [&hellip;]\" \/>\n<meta property=\"og:url\" content=\"https:\/\/izo.si\/en\/uvod\/\" \/>\n<meta property=\"og:site_name\" content=\"IZO\" \/>\n<meta property=\"article:modified_time\" content=\"2023-06-16T09:30:31+00:00\" \/>\n<meta property=\"og:image\" content=\"https:\/\/izo.si\/wp-content\/uploads\/2023\/05\/golob_surf.gif\" \/>\n<meta name=\"twitter:card\" content=\"summary_large_image\" \/>\n<meta name=\"twitter:label1\" content=\"Estimated reading time\" \/>\n\t<meta name=\"twitter:data1\" content=\"2 minutes\" \/>\n<script type=\"application\/ld+json\" class=\"yoast-schema-graph\">{\"@context\":\"https:\/\/schema.org\",\"@graph\":[{\"@type\":\"WebPage\",\"@id\":\"https:\/\/izo.si\/uvod\/\",\"url\":\"https:\/\/izo.si\/uvod\/\",\"name\":\"Uvod - IZO\",\"isPartOf\":{\"@id\":\"https:\/\/izo.si\/#website\"},\"primaryImageOfPage\":{\"@id\":\"https:\/\/izo.si\/uvod\/#primaryimage\"},\"image\":{\"@id\":\"https:\/\/izo.si\/uvod\/#primaryimage\"},\"thumbnailUrl\":\"https:\/\/izo.si\/wp-content\/uploads\/2023\/05\/golob_surf.gif\",\"datePublished\":\"2023-05-25T09:51:11+00:00\",\"dateModified\":\"2023-06-16T09:30:31+00:00\",\"breadcrumb\":{\"@id\":\"https:\/\/izo.si\/uvod\/#breadcrumb\"},\"inLanguage\":\"en-GB\",\"potentialAction\":[{\"@type\":\"ReadAction\",\"target\":[\"https:\/\/izo.si\/uvod\/\"]}]},{\"@type\":\"ImageObject\",\"inLanguage\":\"en-GB\",\"@id\":\"https:\/\/izo.si\/uvod\/#primaryimage\",\"url\":\"https:\/\/izo.si\/wp-content\/uploads\/2023\/05\/golob_surf.gif\",\"contentUrl\":\"https:\/\/izo.si\/wp-content\/uploads\/2023\/05\/golob_surf.gif\"},{\"@type\":\"BreadcrumbList\",\"@id\":\"https:\/\/izo.si\/uvod\/#breadcrumb\",\"itemListElement\":[{\"@type\":\"ListItem\",\"position\":1,\"name\":\"Home\",\"item\":\"https:\/\/izo.si\/\"},{\"@type\":\"ListItem\",\"position\":2,\"name\":\"Uvod\"}]},{\"@type\":\"WebSite\",\"@id\":\"https:\/\/izo.si\/#website\",\"url\":\"https:\/\/izo.si\/\",\"name\":\"IZO\",\"description\":\"In\u0161titut za zdravje in okolje\",\"publisher\":{\"@id\":\"https:\/\/izo.si\/#organization\"},\"potentialAction\":[{\"@type\":\"SearchAction\",\"target\":{\"@type\":\"EntryPoint\",\"urlTemplate\":\"https:\/\/izo.si\/?s={search_term_string}\"},\"query-input\":{\"@type\":\"PropertyValueSpecification\",\"valueRequired\":true,\"valueName\":\"search_term_string\"}}],\"inLanguage\":\"en-GB\"},{\"@type\":\"Organization\",\"@id\":\"https:\/\/izo.si\/#organization\",\"name\":\"IZO\",\"url\":\"https:\/\/izo.si\/\",\"logo\":{\"@type\":\"ImageObject\",\"inLanguage\":\"en-GB\",\"@id\":\"https:\/\/izo.si\/#\/schema\/logo\/image\/\",\"url\":\"https:\/\/izo.si\/wp-content\/uploads\/2021\/01\/izo-logo@2x.png\",\"contentUrl\":\"https:\/\/izo.si\/wp-content\/uploads\/2021\/01\/izo-logo@2x.png\",\"width\":262,\"height\":139,\"caption\":\"IZO\"},\"image\":{\"@id\":\"https:\/\/izo.si\/#\/schema\/logo\/image\/\"}}]}<\/script>\n<!-- \/ Yoast SEO plugin. -->","yoast_head_json":{"title":"Uvod - IZO","robots":{"index":"index","follow":"follow","max-snippet":"max-snippet:-1","max-image-preview":"max-image-preview:large","max-video-preview":"max-video-preview:-1"},"canonical":"https:\/\/izo.si\/en\/uvod\/","og_locale":"en_GB","og_type":"article","og_title":"Uvod - IZO","og_description":"Ljubljanski ledenik: uvod Predstavljajte si, da re\u017eirate film, v katerem kot glavne junakinje nastopajo naravne katastrofe. Kateri bi dali glavno vlogo, \u010de bi \u017eeleli, da film postane uspe\u0161nica? Vro\u010dinski valovi morda niso najbolj dramati\u010dna ali spektakularna naravna nesre\u010da, a izmed vseh terjajo najve\u010d \u017eivljenj. V poletju 2003 je v Evropi zaradi vro\u010dine umrlo ve\u010d kot [&hellip;]","og_url":"https:\/\/izo.si\/en\/uvod\/","og_site_name":"IZO","article_modified_time":"2023-06-16T09:30:31+00:00","og_image":[{"url":"https:\/\/izo.si\/wp-content\/uploads\/2023\/05\/golob_surf.gif","type":"","width":"","height":""}],"twitter_card":"summary_large_image","twitter_misc":{"Estimated reading time":"2 minutes"},"schema":{"@context":"https:\/\/schema.org","@graph":[{"@type":"WebPage","@id":"https:\/\/izo.si\/uvod\/","url":"https:\/\/izo.si\/uvod\/","name":"Uvod - IZO","isPartOf":{"@id":"https:\/\/izo.si\/#website"},"primaryImageOfPage":{"@id":"https:\/\/izo.si\/uvod\/#primaryimage"},"image":{"@id":"https:\/\/izo.si\/uvod\/#primaryimage"},"thumbnailUrl":"https:\/\/izo.si\/wp-content\/uploads\/2023\/05\/golob_surf.gif","datePublished":"2023-05-25T09:51:11+00:00","dateModified":"2023-06-16T09:30:31+00:00","breadcrumb":{"@id":"https:\/\/izo.si\/uvod\/#breadcrumb"},"inLanguage":"en-GB","potentialAction":[{"@type":"ReadAction","target":["https:\/\/izo.si\/uvod\/"]}]},{"@type":"ImageObject","inLanguage":"en-GB","@id":"https:\/\/izo.si\/uvod\/#primaryimage","url":"https:\/\/izo.si\/wp-content\/uploads\/2023\/05\/golob_surf.gif","contentUrl":"https:\/\/izo.si\/wp-content\/uploads\/2023\/05\/golob_surf.gif"},{"@type":"BreadcrumbList","@id":"https:\/\/izo.si\/uvod\/#breadcrumb","itemListElement":[{"@type":"ListItem","position":1,"name":"Home","item":"https:\/\/izo.si\/"},{"@type":"ListItem","position":2,"name":"Uvod"}]},{"@type":"WebSite","@id":"https:\/\/izo.si\/#website","url":"https:\/\/izo.si\/","name":"IZO","description":"Institute for Health and Environment","publisher":{"@id":"https:\/\/izo.si\/#organization"},"potentialAction":[{"@type":"SearchAction","target":{"@type":"EntryPoint","urlTemplate":"https:\/\/izo.si\/?s={search_term_string}"},"query-input":{"@type":"PropertyValueSpecification","valueRequired":true,"valueName":"search_term_string"}}],"inLanguage":"en-GB"},{"@type":"Organization","@id":"https:\/\/izo.si\/#organization","name":"IZO","url":"https:\/\/izo.si\/","logo":{"@type":"ImageObject","inLanguage":"en-GB","@id":"https:\/\/izo.si\/#\/schema\/logo\/image\/","url":"https:\/\/izo.si\/wp-content\/uploads\/2021\/01\/izo-logo@2x.png","contentUrl":"https:\/\/izo.si\/wp-content\/uploads\/2021\/01\/izo-logo@2x.png","width":262,"height":139,"caption":"IZO"},"image":{"@id":"https:\/\/izo.si\/#\/schema\/logo\/image\/"}}]}},"_links":{"self":[{"href":"https:\/\/izo.si\/en\/wp-json\/wp\/v2\/pages\/3783","targetHints":{"allow":["GET"]}}],"collection":[{"href":"https:\/\/izo.si\/en\/wp-json\/wp\/v2\/pages"}],"about":[{"href":"https:\/\/izo.si\/en\/wp-json\/wp\/v2\/types\/page"}],"author":[{"embeddable":true,"href":"https:\/\/izo.si\/en\/wp-json\/wp\/v2\/users\/9"}],"replies":[{"embeddable":true,"href":"https:\/\/izo.si\/en\/wp-json\/wp\/v2\/comments?post=3783"}],"version-history":[{"count":80,"href":"https:\/\/izo.si\/en\/wp-json\/wp\/v2\/pages\/3783\/revisions"}],"predecessor-version":[{"id":4204,"href":"https:\/\/izo.si\/en\/wp-json\/wp\/v2\/pages\/3783\/revisions\/4204"}],"wp:attachment":[{"href":"https:\/\/izo.si\/en\/wp-json\/wp\/v2\/media?parent=3783"}],"curies":[{"name":"wp","href":"https:\/\/api.w.org\/{rel}","templated":true}]}}