{"id":1955,"date":"2021-03-24T14:35:10","date_gmt":"2021-03-24T14:35:10","guid":{"rendered":"https:\/\/izo.si\/?page_id=1955"},"modified":"2025-06-16T19:03:56","modified_gmt":"2025-06-16T17:03:56","slug":"gradiva","status":"publish","type":"page","link":"https:\/\/izo.si\/en\/gradiva\/","title":{"rendered":"Resources"},"content":{"rendered":"<div data-elementor-type=\"wp-page\" data-elementor-id=\"1955\" class=\"elementor elementor-1955\">\n\t\t\t\t\t\t<section class=\"elementor-section elementor-top-section elementor-element elementor-element-42e3ab5f elementor-section-height-min-height elementor-section-boxed elementor-section-height-default elementor-section-items-middle\" data-id=\"42e3ab5f\" data-element_type=\"section\" data-settings=\"{&quot;background_background&quot;:&quot;gradient&quot;}\">\n\t\t\t\t\t\t\t<div class=\"elementor-background-overlay\"><\/div>\n\t\t\t\t\t\t\t<div class=\"elementor-container elementor-column-gap-default\">\n\t\t\t\t\t<div class=\"elementor-column elementor-col-100 elementor-top-column elementor-element elementor-element-58f6705a\" data-id=\"58f6705a\" data-element_type=\"column\">\n\t\t\t<div class=\"elementor-widget-wrap elementor-element-populated\">\n\t\t\t\t\t\t<div class=\"elementor-element elementor-element-5cba9072 elementor-widget elementor-widget-heading\" data-id=\"5cba9072\" data-element_type=\"widget\" data-widget_type=\"heading.default\">\n\t\t\t\t<div class=\"elementor-widget-container\">\n\t\t\t\t\t<h2 class=\"elementor-heading-title elementor-size-large\">Resources<\/h2>\t\t\t\t<\/div>\n\t\t\t\t<\/div>\n\t\t\t\t\t<\/div>\n\t\t<\/div>\n\t\t\t\t\t<\/div>\n\t\t<\/section>\n\t\t\t\t<section class=\"elementor-section elementor-top-section elementor-element elementor-element-67c2880c elementor-section-boxed elementor-section-height-default elementor-section-height-default\" data-id=\"67c2880c\" data-element_type=\"section\">\n\t\t\t\t\t\t<div class=\"elementor-container elementor-column-gap-default\">\n\t\t\t\t\t<div class=\"elementor-column elementor-col-100 elementor-top-column elementor-element elementor-element-49f6793\" data-id=\"49f6793\" data-element_type=\"column\">\n\t\t\t<div class=\"elementor-widget-wrap elementor-element-populated\">\n\t\t\t\t\t\t<div class=\"elementor-element elementor-element-781677b5 elementor-posts--align-center elementor-grid-3 elementor-grid-tablet-2 elementor-grid-mobile-1 elementor-posts--thumbnail-top elementor-widget elementor-widget-posts\" data-id=\"781677b5\" data-element_type=\"widget\" data-settings=\"{&quot;classic_row_gap&quot;:{&quot;unit&quot;:&quot;px&quot;,&quot;size&quot;:90,&quot;sizes&quot;:[]},&quot;pagination_type&quot;:&quot;numbers&quot;,&quot;classic_columns&quot;:&quot;3&quot;,&quot;classic_columns_tablet&quot;:&quot;2&quot;,&quot;classic_columns_mobile&quot;:&quot;1&quot;,&quot;classic_row_gap_tablet&quot;:{&quot;unit&quot;:&quot;px&quot;,&quot;size&quot;:&quot;&quot;,&quot;sizes&quot;:[]},&quot;classic_row_gap_mobile&quot;:{&quot;unit&quot;:&quot;px&quot;,&quot;size&quot;:&quot;&quot;,&quot;sizes&quot;:[]}}\" data-widget_type=\"posts.classic\">\n\t\t\t\t<div class=\"elementor-widget-container\">\n\t\t\t\t\t\t\t<div class=\"elementor-posts-container elementor-posts elementor-posts--skin-classic elementor-grid\">\n\t\t\t\t<article class=\"elementor-post elementor-grid-item post-4762 post type-post status-publish format-standard has-post-thumbnail hentry category-publikacije\">\n\t\t\t\t<a class=\"elementor-post__thumbnail__link\" href=\"https:\/\/izo.si\/en\/sustainability-guide-for-youth-ngos\/\" target=\"&quot;_blank&quot;\">\n\t\t\t<div class=\"elementor-post__thumbnail\"><img fetchpriority=\"high\" decoding=\"async\" width=\"768\" height=\"505\" src=\"https:\/\/izo.si\/wp-content\/uploads\/2024\/11\/Sustainable-guide-for-NGOs-768x505.png\" class=\"attachment-medium_large size-medium_large wp-image-4763\" alt=\"\" srcset=\"https:\/\/izo.si\/wp-content\/uploads\/2024\/11\/Sustainable-guide-for-NGOs-768x505.png 768w, https:\/\/izo.si\/wp-content\/uploads\/2024\/11\/Sustainable-guide-for-NGOs-300x197.png 300w, https:\/\/izo.si\/wp-content\/uploads\/2024\/11\/Sustainable-guide-for-NGOs-1024x673.png 1024w, https:\/\/izo.si\/wp-content\/uploads\/2024\/11\/Sustainable-guide-for-NGOs-18x12.png 18w, https:\/\/izo.si\/wp-content\/uploads\/2024\/11\/Sustainable-guide-for-NGOs.png 1162w\" sizes=\"(max-width: 768px) 100vw, 768px\" \/><\/div>\n\t\t<\/a>\n\t\t\t\t<div class=\"elementor-post__text\">\n\t\t\t\t<h3 class=\"elementor-post__title\">\n\t\t\t<a href=\"https:\/\/izo.si\/en\/sustainability-guide-for-youth-ngos\/\" target=\"&quot;_blank&quot;\">\n\t\t\t\tSustainability guide for youth NGOs\t\t\t<\/a>\n\t\t<\/h3>\n\t\t\t\t<\/div>\n\t\t\t\t<\/article>\n\t\t\t\t<article class=\"elementor-post elementor-grid-item post-4758 post type-post status-publish format-standard has-post-thumbnail hentry category-publikacije\">\n\t\t\t\t<a class=\"elementor-post__thumbnail__link\" href=\"https:\/\/izo.si\/en\/smernice-za-trajnostnost-vnevladnih-organizacijah\/\" target=\"&quot;_blank&quot;\">\n\t\t\t<div class=\"elementor-post__thumbnail\"><img decoding=\"async\" width=\"768\" height=\"770\" src=\"https:\/\/izo.si\/wp-content\/uploads\/2024\/11\/Smernice-za-trajnost-768x770.png\" class=\"attachment-medium_large size-medium_large wp-image-4759\" alt=\"\" srcset=\"https:\/\/izo.si\/wp-content\/uploads\/2024\/11\/Smernice-za-trajnost-768x770.png 768w, https:\/\/izo.si\/wp-content\/uploads\/2024\/11\/Smernice-za-trajnost-300x300.png 300w, https:\/\/izo.si\/wp-content\/uploads\/2024\/11\/Smernice-za-trajnost-150x150.png 150w, https:\/\/izo.si\/wp-content\/uploads\/2024\/11\/Smernice-za-trajnost-12x12.png 12w, https:\/\/izo.si\/wp-content\/uploads\/2024\/11\/Smernice-za-trajnost.png 949w\" sizes=\"(max-width: 768px) 100vw, 768px\" \/><\/div>\n\t\t<\/a>\n\t\t\t\t<div class=\"elementor-post__text\">\n\t\t\t\t<h3 class=\"elementor-post__title\">\n\t\t\t<a href=\"https:\/\/izo.si\/en\/smernice-za-trajnostnost-vnevladnih-organizacijah\/\" target=\"&quot;_blank&quot;\">\n\t\t\t\tGuidelines for sustainability in NGOs\t\t\t<\/a>\n\t\t<\/h3>\n\t\t\t\t<\/div>\n\t\t\t\t<\/article>\n\t\t\t\t<article class=\"elementor-post elementor-grid-item post-4332 post type-post status-publish format-standard has-post-thumbnail hentry category-publikacije\">\n\t\t\t\t<a class=\"elementor-post__thumbnail__link\" href=\"https:\/\/izo.si\/en\/porocilo-raziskave-o-trajnosti-v-mladinskih-nevladnih-organizacijah-2\/\" target=\"&quot;_blank&quot;\">\n\t\t\t<div class=\"elementor-post__thumbnail\"><img decoding=\"async\" width=\"768\" height=\"644\" src=\"https:\/\/izo.si\/wp-content\/uploads\/2023\/08\/Research-report-naslovna-768x644.png\" class=\"attachment-medium_large size-medium_large wp-image-4377\" alt=\"\" srcset=\"https:\/\/izo.si\/wp-content\/uploads\/2023\/08\/Research-report-naslovna-768x644.png 768w, https:\/\/izo.si\/wp-content\/uploads\/2023\/08\/Research-report-naslovna-300x251.png 300w, https:\/\/izo.si\/wp-content\/uploads\/2023\/08\/Research-report-naslovna-14x12.png 14w, https:\/\/izo.si\/wp-content\/uploads\/2023\/08\/Research-report-naslovna.png 940w\" sizes=\"(max-width: 768px) 100vw, 768px\" \/><\/div>\n\t\t<\/a>\n\t\t\t\t<div class=\"elementor-post__text\">\n\t\t\t\t<h3 class=\"elementor-post__title\">\n\t\t\t<a href=\"https:\/\/izo.si\/en\/porocilo-raziskave-o-trajnosti-v-mladinskih-nevladnih-organizacijah-2\/\" target=\"&quot;_blank&quot;\">\n\t\t\t\tYouth NGO Sustainability Survey Report (2023)\t\t\t<\/a>\n\t\t<\/h3>\n\t\t\t\t<\/div>\n\t\t\t\t<\/article>\n\t\t\t\t<article class=\"elementor-post elementor-grid-item post-4374 post type-post status-publish format-standard has-post-thumbnail hentry category-publikacije\">\n\t\t\t\t<a class=\"elementor-post__thumbnail__link\" href=\"https:\/\/izo.si\/en\/how-to-reduce-yourprojects-carbon-footprint\/\" target=\"&quot;_blank&quot;\">\n\t\t\t<div class=\"elementor-post__thumbnail\"><img loading=\"lazy\" decoding=\"async\" width=\"768\" height=\"512\" src=\"https:\/\/izo.si\/wp-content\/uploads\/2023\/08\/Interreg-Publikacija-768x512.png\" class=\"attachment-medium_large size-medium_large wp-image-4378\" alt=\"\" srcset=\"https:\/\/izo.si\/wp-content\/uploads\/2023\/08\/Interreg-Publikacija-768x512.png 768w, https:\/\/izo.si\/wp-content\/uploads\/2023\/08\/Interreg-Publikacija-300x200.png 300w, https:\/\/izo.si\/wp-content\/uploads\/2023\/08\/Interreg-Publikacija-1024x683.png 1024w, https:\/\/izo.si\/wp-content\/uploads\/2023\/08\/Interreg-Publikacija-1536x1025.png 1536w, https:\/\/izo.si\/wp-content\/uploads\/2023\/08\/Interreg-Publikacija-2048x1366.png 2048w, https:\/\/izo.si\/wp-content\/uploads\/2023\/08\/Interreg-Publikacija-18x12.png 18w\" sizes=\"(max-width: 768px) 100vw, 768px\" \/><\/div>\n\t\t<\/a>\n\t\t\t\t<div class=\"elementor-post__text\">\n\t\t\t\t<h3 class=\"elementor-post__title\">\n\t\t\t<a href=\"https:\/\/izo.si\/en\/how-to-reduce-yourprojects-carbon-footprint\/\" target=\"&quot;_blank&quot;\">\n\t\t\t\tHow to Reduce Your Project\u2019s Carbon Footprint (2022)\t\t\t<\/a>\n\t\t<\/h3>\n\t\t\t\t<\/div>\n\t\t\t\t<\/article>\n\t\t\t\t<article class=\"elementor-post elementor-grid-item post-4694 post type-post status-publish format-standard has-post-thumbnail hentry category-publikacije\">\n\t\t\t\t<a class=\"elementor-post__thumbnail__link\" href=\"https:\/\/izo.si\/en\/wtf-so-podnebne-spremembe-2021\/\" target=\"&quot;_blank&quot;\">\n\t\t\t<div class=\"elementor-post__thumbnail\"><img loading=\"lazy\" decoding=\"async\" width=\"768\" height=\"491\" src=\"https:\/\/izo.si\/wp-content\/uploads\/2024\/09\/WTF-so-podnebne-razmerje-768x491.png\" class=\"attachment-medium_large size-medium_large wp-image-4695\" alt=\"\" srcset=\"https:\/\/izo.si\/wp-content\/uploads\/2024\/09\/WTF-so-podnebne-razmerje-768x491.png 768w, https:\/\/izo.si\/wp-content\/uploads\/2024\/09\/WTF-so-podnebne-razmerje-300x192.png 300w, https:\/\/izo.si\/wp-content\/uploads\/2024\/09\/WTF-so-podnebne-razmerje-18x12.png 18w, https:\/\/izo.si\/wp-content\/uploads\/2024\/09\/WTF-so-podnebne-razmerje.png 839w\" sizes=\"(max-width: 768px) 100vw, 768px\" \/><\/div>\n\t\t<\/a>\n\t\t\t\t<div class=\"elementor-post__text\">\n\t\t\t\t<h3 class=\"elementor-post__title\">\n\t\t\t<a href=\"https:\/\/izo.si\/en\/wtf-so-podnebne-spremembe-2021\/\" target=\"&quot;_blank&quot;\">\n\t\t\t\tWTF so podnebne spremembe? (2021)\t\t\t<\/a>\n\t\t<\/h3>\n\t\t\t\t<\/div>\n\t\t\t\t<\/article>\n\t\t\t\t<article class=\"elementor-post elementor-grid-item post-1964 post type-post status-publish format-standard has-post-thumbnail hentry category-publikacije\">\n\t\t\t\t<a class=\"elementor-post__thumbnail__link\" href=\"https:\/\/izo.si\/en\/wtf-so-podnebne-spremembe\/\" target=\"&quot;_blank&quot;\">\n\t\t\t<div class=\"elementor-post__thumbnail\"><img loading=\"lazy\" decoding=\"async\" width=\"750\" height=\"500\" src=\"https:\/\/izo.si\/wp-content\/uploads\/2021\/03\/Zajeta-slika-1-1.png\" class=\"attachment-medium_large size-medium_large wp-image-2118\" alt=\"\" srcset=\"https:\/\/izo.si\/wp-content\/uploads\/2021\/03\/Zajeta-slika-1-1.png 750w, https:\/\/izo.si\/wp-content\/uploads\/2021\/03\/Zajeta-slika-1-1-300x200.png 300w\" sizes=\"(max-width: 750px) 100vw, 750px\" \/><\/div>\n\t\t<\/a>\n\t\t\t\t<div class=\"elementor-post__text\">\n\t\t\t\t<h3 class=\"elementor-post__title\">\n\t\t\t<a href=\"https:\/\/izo.si\/en\/wtf-so-podnebne-spremembe\/\" target=\"&quot;_blank&quot;\">\n\t\t\t\tWTF is climate change? (2021)\t\t\t<\/a>\n\t\t<\/h3>\n\t\t\t\t<\/div>\n\t\t\t\t<\/article>\n\t\t\t\t<article class=\"elementor-post elementor-grid-item post-860 post type-post status-publish format-standard has-post-thumbnail hentry category-publikacije\">\n\t\t\t\t<a class=\"elementor-post__thumbnail__link\" href=\"https:\/\/izo.si\/en\/znizaj-ekoloski-odtis\/\" target=\"&quot;_blank&quot;\">\n\t\t\t<div class=\"elementor-post__thumbnail\"><img loading=\"lazy\" decoding=\"async\" width=\"768\" height=\"432\" src=\"https:\/\/izo.si\/wp-content\/uploads\/2021\/03\/znizaj-ekoloski-odtis-768x432.jpg\" class=\"attachment-medium_large size-medium_large wp-image-1361\" alt=\"\" srcset=\"https:\/\/izo.si\/wp-content\/uploads\/2021\/03\/znizaj-ekoloski-odtis-768x432.jpg 768w, https:\/\/izo.si\/wp-content\/uploads\/2021\/03\/znizaj-ekoloski-odtis-300x169.jpg 300w, https:\/\/izo.si\/wp-content\/uploads\/2021\/03\/znizaj-ekoloski-odtis.jpg 972w\" sizes=\"(max-width: 768px) 100vw, 768px\" \/><\/div>\n\t\t<\/a>\n\t\t\t\t<div class=\"elementor-post__text\">\n\t\t\t\t<h3 class=\"elementor-post__title\">\n\t\t\t<a href=\"https:\/\/izo.si\/en\/znizaj-ekoloski-odtis\/\" target=\"&quot;_blank&quot;\">\n\t\t\t\tReduce Your Ecological Footprint\t\t\t<\/a>\n\t\t<\/h3>\n\t\t\t\t<\/div>\n\t\t\t\t<\/article>\n\t\t\t\t<article class=\"elementor-post elementor-grid-item post-4382 post type-post status-publish format-standard has-post-thumbnail hentry category-publikacije\">\n\t\t\t\t<a class=\"elementor-post__thumbnail__link\" href=\"https:\/\/izo.si\/en\/smernice-za-zmanjsevanje-izpostavljenosti-onesnazevalom-iz-prometa-v-vrtcih-solah-in-njihovi-okolici-2\/\" target=\"&quot;_blank&quot;\">\n\t\t\t<div class=\"elementor-post__thumbnail\"><img loading=\"lazy\" decoding=\"async\" width=\"768\" height=\"460\" src=\"https:\/\/izo.si\/wp-content\/uploads\/2023\/08\/Smernice-za-zmanjsevanje-naslovna-768x460.png\" class=\"attachment-medium_large size-medium_large wp-image-4383\" alt=\"Smernice za zmanj\u0161evanje izpostavljenosti onesna\u017eevalom iz prometa v vrtcih, \u0161olah in njihovi okolici\" srcset=\"https:\/\/izo.si\/wp-content\/uploads\/2023\/08\/Smernice-za-zmanjsevanje-naslovna-768x460.png 768w, https:\/\/izo.si\/wp-content\/uploads\/2023\/08\/Smernice-za-zmanjsevanje-naslovna-300x180.png 300w, https:\/\/izo.si\/wp-content\/uploads\/2023\/08\/Smernice-za-zmanjsevanje-naslovna-1024x613.png 1024w, https:\/\/izo.si\/wp-content\/uploads\/2023\/08\/Smernice-za-zmanjsevanje-naslovna-18x12.png 18w, https:\/\/izo.si\/wp-content\/uploads\/2023\/08\/Smernice-za-zmanjsevanje-naslovna.png 1442w\" sizes=\"(max-width: 768px) 100vw, 768px\" \/><\/div>\n\t\t<\/a>\n\t\t\t\t<div class=\"elementor-post__text\">\n\t\t\t\t<h3 class=\"elementor-post__title\">\n\t\t\t<a href=\"https:\/\/izo.si\/en\/smernice-za-zmanjsevanje-izpostavljenosti-onesnazevalom-iz-prometa-v-vrtcih-solah-in-njihovi-okolici-2\/\" target=\"&quot;_blank&quot;\">\n\t\t\t\tSmernice za zmanj\u0161evanje izpostavljenosti onesna\u017eevalom iz prometa v vrtcih, \u0161olah in njihovi okolici (2020)\t\t\t<\/a>\n\t\t<\/h3>\n\t\t\t\t<\/div>\n\t\t\t\t<\/article>\n\t\t\t\t<article class=\"elementor-post elementor-grid-item post-1997 post type-post status-publish format-standard has-post-thumbnail hentry category-publikacije\">\n\t\t\t\t<a class=\"elementor-post__thumbnail__link\" href=\"https:\/\/izo.si\/en\/kaj-je-ekoloski-odtis\/\" target=\"&quot;_blank&quot;\">\n\t\t\t<div class=\"elementor-post__thumbnail\"><img loading=\"lazy\" decoding=\"async\" width=\"375\" height=\"248\" src=\"https:\/\/izo.si\/wp-content\/uploads\/2021\/03\/foot.jpg\" class=\"attachment-medium_large size-medium_large wp-image-2008\" alt=\"\" srcset=\"https:\/\/izo.si\/wp-content\/uploads\/2021\/03\/foot.jpg 375w, https:\/\/izo.si\/wp-content\/uploads\/2021\/03\/foot-300x198.jpg 300w\" sizes=\"(max-width: 375px) 100vw, 375px\" \/><\/div>\n\t\t<\/a>\n\t\t\t\t<div class=\"elementor-post__text\">\n\t\t\t\t<h3 class=\"elementor-post__title\">\n\t\t\t<a href=\"https:\/\/izo.si\/en\/kaj-je-ekoloski-odtis\/\" target=\"&quot;_blank&quot;\">\n\t\t\t\tKaj je ekolo\u0161ki odtis? (2018)\t\t\t<\/a>\n\t\t<\/h3>\n\t\t\t\t<\/div>\n\t\t\t\t<\/article>\n\t\t\t\t<article class=\"elementor-post elementor-grid-item post-1991 post type-post status-publish format-standard has-post-thumbnail hentry category-publikacije\">\n\t\t\t\t<a class=\"elementor-post__thumbnail__link\" href=\"https:\/\/izo.si\/en\/na-pot-v-zeleni-prestavi\/\" target=\"&quot;_blank&quot;\">\n\t\t\t<div class=\"elementor-post__thumbnail\"><img loading=\"lazy\" decoding=\"async\" width=\"376\" height=\"248\" src=\"https:\/\/izo.si\/wp-content\/uploads\/2021\/03\/zeleni.jpg\" class=\"attachment-medium_large size-medium_large wp-image-2009\" alt=\"\" srcset=\"https:\/\/izo.si\/wp-content\/uploads\/2021\/03\/zeleni.jpg 376w, https:\/\/izo.si\/wp-content\/uploads\/2021\/03\/zeleni-300x198.jpg 300w\" sizes=\"(max-width: 376px) 100vw, 376px\" \/><\/div>\n\t\t<\/a>\n\t\t\t\t<div class=\"elementor-post__text\">\n\t\t\t\t<h3 class=\"elementor-post__title\">\n\t\t\t<a href=\"https:\/\/izo.si\/en\/na-pot-v-zeleni-prestavi\/\" target=\"&quot;_blank&quot;\">\n\t\t\t\tNa pot v zeleni prestavi (2017)\t\t\t<\/a>\n\t\t<\/h3>\n\t\t\t\t<\/div>\n\t\t\t\t<\/article>\n\t\t\t\t<\/div>\n\n\n\t\t\n\t\t\t\t\t\t<\/div>\n\t\t\t\t<\/div>\n\t\t\t\t\t<\/div>\n\t\t<\/div>\n\t\t\t\t\t<\/div>\n\t\t<\/section>\n\t\t\t\t<\/div>","protected":false},"excerpt":{"rendered":"","protected":false},"author":1,"featured_media":0,"parent":0,"menu_order":0,"comment_status":"closed","ping_status":"closed","template":"","meta":{"_monsterinsights_skip_tracking":false,"_monsterinsights_sitenote_active":false,"_monsterinsights_sitenote_note":"","_monsterinsights_sitenote_category":0,"_uf_show_specific_survey":0,"_uf_disable_surveys":false,"footnotes":""},"class_list":["post-1955","page","type-page","status-publish","hentry"],"aioseo_notices":[],"yoast_head":"<!-- This site is optimized with the Yoast SEO plugin v24.5 - https:\/\/yoast.com\/wordpress\/plugins\/seo\/ -->\n<title>Gradiva - IZO<\/title>\n<meta name=\"robots\" content=\"index, follow, max-snippet:-1, max-image-preview:large, max-video-preview:-1\" \/>\n<link rel=\"canonical\" href=\"https:\/\/izo.si\/en\/gradiva\/\" \/>\n<meta property=\"og:locale\" content=\"en_GB\" \/>\n<meta property=\"og:type\" content=\"article\" \/>\n<meta property=\"og:title\" content=\"Gradiva - IZO\" \/>\n<meta property=\"og:url\" content=\"https:\/\/izo.si\/en\/gradiva\/\" \/>\n<meta property=\"og:site_name\" content=\"IZO\" \/>\n<meta property=\"article:modified_time\" content=\"2025-06-16T17:03:56+00:00\" \/>\n<meta name=\"twitter:card\" content=\"summary_large_image\" \/>\n<script type=\"application\/ld+json\" class=\"yoast-schema-graph\">{\"@context\":\"https:\/\/schema.org\",\"@graph\":[{\"@type\":\"WebPage\",\"@id\":\"https:\/\/izo.si\/gradiva\/\",\"url\":\"https:\/\/izo.si\/gradiva\/\",\"name\":\"Gradiva - IZO\",\"isPartOf\":{\"@id\":\"https:\/\/izo.si\/#website\"},\"datePublished\":\"2021-03-24T14:35:10+00:00\",\"dateModified\":\"2025-06-16T17:03:56+00:00\",\"breadcrumb\":{\"@id\":\"https:\/\/izo.si\/gradiva\/#breadcrumb\"},\"inLanguage\":\"en-GB\",\"potentialAction\":[{\"@type\":\"ReadAction\",\"target\":[\"https:\/\/izo.si\/gradiva\/\"]}]},{\"@type\":\"BreadcrumbList\",\"@id\":\"https:\/\/izo.si\/gradiva\/#breadcrumb\",\"itemListElement\":[{\"@type\":\"ListItem\",\"position\":1,\"name\":\"Home\",\"item\":\"https:\/\/izo.si\/\"},{\"@type\":\"ListItem\",\"position\":2,\"name\":\"Gradiva\"}]},{\"@type\":\"WebSite\",\"@id\":\"https:\/\/izo.si\/#website\",\"url\":\"https:\/\/izo.si\/\",\"name\":\"IZO\",\"description\":\"In\u0161titut za zdravje in okolje\",\"publisher\":{\"@id\":\"https:\/\/izo.si\/#organization\"},\"potentialAction\":[{\"@type\":\"SearchAction\",\"target\":{\"@type\":\"EntryPoint\",\"urlTemplate\":\"https:\/\/izo.si\/?s={search_term_string}\"},\"query-input\":{\"@type\":\"PropertyValueSpecification\",\"valueRequired\":true,\"valueName\":\"search_term_string\"}}],\"inLanguage\":\"en-GB\"},{\"@type\":\"Organization\",\"@id\":\"https:\/\/izo.si\/#organization\",\"name\":\"IZO\",\"url\":\"https:\/\/izo.si\/\",\"logo\":{\"@type\":\"ImageObject\",\"inLanguage\":\"en-GB\",\"@id\":\"https:\/\/izo.si\/#\/schema\/logo\/image\/\",\"url\":\"https:\/\/izo.si\/wp-content\/uploads\/2021\/01\/izo-logo@2x.png\",\"contentUrl\":\"https:\/\/izo.si\/wp-content\/uploads\/2021\/01\/izo-logo@2x.png\",\"width\":262,\"height\":139,\"caption\":\"IZO\"},\"image\":{\"@id\":\"https:\/\/izo.si\/#\/schema\/logo\/image\/\"}}]}<\/script>\n<!-- \/ Yoast SEO plugin. -->","yoast_head_json":{"title":"Gradiva - IZO","robots":{"index":"index","follow":"follow","max-snippet":"max-snippet:-1","max-image-preview":"max-image-preview:large","max-video-preview":"max-video-preview:-1"},"canonical":"https:\/\/izo.si\/en\/gradiva\/","og_locale":"en_GB","og_type":"article","og_title":"Gradiva - IZO","og_url":"https:\/\/izo.si\/en\/gradiva\/","og_site_name":"IZO","article_modified_time":"2025-06-16T17:03:56+00:00","twitter_card":"summary_large_image","schema":{"@context":"https:\/\/schema.org","@graph":[{"@type":"WebPage","@id":"https:\/\/izo.si\/gradiva\/","url":"https:\/\/izo.si\/gradiva\/","name":"Gradiva - IZO","isPartOf":{"@id":"https:\/\/izo.si\/#website"},"datePublished":"2021-03-24T14:35:10+00:00","dateModified":"2025-06-16T17:03:56+00:00","breadcrumb":{"@id":"https:\/\/izo.si\/gradiva\/#breadcrumb"},"inLanguage":"en-GB","potentialAction":[{"@type":"ReadAction","target":["https:\/\/izo.si\/gradiva\/"]}]},{"@type":"BreadcrumbList","@id":"https:\/\/izo.si\/gradiva\/#breadcrumb","itemListElement":[{"@type":"ListItem","position":1,"name":"Home","item":"https:\/\/izo.si\/"},{"@type":"ListItem","position":2,"name":"Gradiva"}]},{"@type":"WebSite","@id":"https:\/\/izo.si\/#website","url":"https:\/\/izo.si\/","name":"IZO","description":"Institute for Health and Environment","publisher":{"@id":"https:\/\/izo.si\/#organization"},"potentialAction":[{"@type":"SearchAction","target":{"@type":"EntryPoint","urlTemplate":"https:\/\/izo.si\/?s={search_term_string}"},"query-input":{"@type":"PropertyValueSpecification","valueRequired":true,"valueName":"search_term_string"}}],"inLanguage":"en-GB"},{"@type":"Organization","@id":"https:\/\/izo.si\/#organization","name":"IZO","url":"https:\/\/izo.si\/","logo":{"@type":"ImageObject","inLanguage":"en-GB","@id":"https:\/\/izo.si\/#\/schema\/logo\/image\/","url":"https:\/\/izo.si\/wp-content\/uploads\/2021\/01\/izo-logo@2x.png","contentUrl":"https:\/\/izo.si\/wp-content\/uploads\/2021\/01\/izo-logo@2x.png","width":262,"height":139,"caption":"IZO"},"image":{"@id":"https:\/\/izo.si\/#\/schema\/logo\/image\/"}}]}},"_links":{"self":[{"href":"https:\/\/izo.si\/en\/wp-json\/wp\/v2\/pages\/1955","targetHints":{"allow":["GET"]}}],"collection":[{"href":"https:\/\/izo.si\/en\/wp-json\/wp\/v2\/pages"}],"about":[{"href":"https:\/\/izo.si\/en\/wp-json\/wp\/v2\/types\/page"}],"author":[{"embeddable":true,"href":"https:\/\/izo.si\/en\/wp-json\/wp\/v2\/users\/1"}],"replies":[{"embeddable":true,"href":"https:\/\/izo.si\/en\/wp-json\/wp\/v2\/comments?post=1955"}],"version-history":[{"count":32,"href":"https:\/\/izo.si\/en\/wp-json\/wp\/v2\/pages\/1955\/revisions"}],"predecessor-version":[{"id":5276,"href":"https:\/\/izo.si\/en\/wp-json\/wp\/v2\/pages\/1955\/revisions\/5276"}],"wp:attachment":[{"href":"https:\/\/izo.si\/en\/wp-json\/wp\/v2\/media?parent=1955"}],"curies":[{"name":"wp","href":"https:\/\/api.w.org\/{rel}","templated":true}]}}